{"id":730,"date":"2019-05-29T21:54:47","date_gmt":"2019-05-29T19:54:47","guid":{"rendered":"http:\/\/avivo-ch.ch\/?page_id=730"},"modified":"2019-08-01T12:35:38","modified_gmt":"2019-08-01T10:35:38","slug":"unsere-positionen","status":"publish","type":"page","link":"https:\/\/avivo-ch.ch\/it\/unsere-positionen\/","title":{"rendered":"Le nostre posizioni"},"content":{"rendered":"<p><span style=\"color: #3366ff;\"><strong>PER I RITIRATI E PER LE GENERAZIONI FUTURE, AVIVO VUOLE RITIRI SICURI<\/strong><\/span><\/p>\n<p><strong>AVIVO<\/strong><\/p>\n<ul>\n<li><strong>Esige il rispetto dell\u2019art. 112, c. 2, lett. b, della Costituzione Svizzera laddove prevede che l\u2019AVS debba coprire i bisogni fondamentali.<\/strong><\/li>\n<li><strong>Chiede di allargare la platea dei contribuenti AVS prelevando contributi da tutti i redditi, come ad esempio i profitti finanziari.<\/strong><\/li>\n<li><strong>Sostiene l\u2019aumento della partecipazione della Confederazione ai costi dell\u2019AVS.<\/strong><\/li>\n<li><strong>Afferma che l\u2019AVS debba avere un ruolo prioritario nello sviluppo e nel finanziamento della previdenza poich\u00e9 il sistema a ripartizione \u00e9 il pi\u00f9 sicuro, anche sul lungo periodo, contrariamente al sistema a capitalizzazione proprio del 2\u00b0 pilastro.<\/strong><\/li>\n<li><strong>E contraria all\u2019aumento dell\u2019et\u00e0 pensionabile.<\/strong><\/li>\n<li><strong>Chiede al Consiglio Federale di rimborsare in tempi brevi i restanti 12 miliardi, saldo del prestito richiesto al fondo AVS per finanziare l\u2019 assicurazione invalidit\u00e0 (AI).<\/strong><\/li>\n<\/ul>\n","protected":false},"excerpt":{"rendered":"<p>PER I RITIRATI E PER LE GENERAZIONI FUTURE, AVIVO VUOLE RITIRI SICURI AVIVO Esige il rispetto dell\u2019art. 112, c. 2, lett. b, della Costituzione Svizzera laddove prevede che l\u2019AVS debba coprire i bisogni fondamentali. Chiede di allargare la platea dei contribuenti AVS prelevando contributi da tutti i redditi, come ad esempio i profitti finanziari. Sostiene &hellip; <a href=\"https:\/\/avivo-ch.ch\/it\/unsere-positionen\/\" class=\"more-link\">Continue reading <span class=\"screen-reader-text\">Le nostre posizioni<\/span> <span class=\"meta-nav\">&rarr;<\/span><\/a><\/p>\n","protected":false},"author":3,"featured_media":0,"parent":0,"menu_order":0,"comment_status":"closed","ping_status":"closed","template":"","meta":{"inline_featured_image":false,"footnotes":""},"class_list":["post-730","page","type-page","status-publish","hentry"],"translation":{"provider":"WPGlobus","version":"2.12.2","language":"it","enabled_languages":["de","fr","it"],"languages":{"de":{"title":true,"content":true,"excerpt":false},"fr":{"title":true,"content":true,"excerpt":false},"it":{"title":true,"content":true,"excerpt":false}}},"jetpack_sharing_enabled":true,"_links":{"self":[{"href":"https:\/\/avivo-ch.ch\/it\/wp-json\/wp\/v2\/pages\/730","targetHints":{"allow":["GET"]}}],"collection":[{"href":"https:\/\/avivo-ch.ch\/it\/wp-json\/wp\/v2\/pages"}],"about":[{"href":"https:\/\/avivo-ch.ch\/it\/wp-json\/wp\/v2\/types\/page"}],"author":[{"embeddable":true,"href":"https:\/\/avivo-ch.ch\/it\/wp-json\/wp\/v2\/users\/3"}],"replies":[{"embeddable":true,"href":"https:\/\/avivo-ch.ch\/it\/wp-json\/wp\/v2\/comments?post=730"}],"version-history":[{"count":13,"href":"https:\/\/avivo-ch.ch\/it\/wp-json\/wp\/v2\/pages\/730\/revisions"}],"predecessor-version":[{"id":1573,"href":"https:\/\/avivo-ch.ch\/it\/wp-json\/wp\/v2\/pages\/730\/revisions\/1573"}],"wp:attachment":[{"href":"https:\/\/avivo-ch.ch\/it\/wp-json\/wp\/v2\/media?parent=730"}],"curies":[{"name":"wp","href":"https:\/\/api.w.org\/{rel}","templated":true}]}}