{"id":519,"date":"2018-10-26T10:35:28","date_gmt":"2018-10-26T08:35:28","guid":{"rendered":"http:\/\/avivo-ch.ch\/?page_id=519"},"modified":"2026-02-20T14:57:50","modified_gmt":"2026-02-20T13:57:50","slug":"initiatives-referendums","status":"publish","type":"page","link":"https:\/\/avivo-ch.ch\/it\/initiatives-referendums\/","title":{"rendered":"Per firmare"},"content":{"rendered":"<h4>Iniziative popolare e Referendum attuali, sostenuti da AVIVO Svizzera<\/h4>\n<p><!-- <span style=\"color: #ff0000;\"><strong>IMPORTANTE: secondo l'ordinanza del Consiglio federale del 20.03.2020, la fornitura di fogli di firma su Internet \u00e8 vietata dal 21 marzo al 31 maggio.\u00a0I fogli delle firme sottostanti sono stati pertanto disattivati \u200b\u200bper il momento.<\/strong><\/span> --><\/p>\n<p>Scaricare, firmare e rispedire !<\/p>\n<h5><span style=\"color: #0000ff;\"><strong>Iniziative popolare:<\/strong><\/span><\/h5>\n<h5><span style=\"color: #0000ff;\">.\u00a0 \u00a0 \u00a0 \u00a0 \u00a0 \u00a0 \u00a0 \u00a0 \u00a0 \u00a0 \u00a0<span style=\"color: #000000;\">Al momento non c&#8217;\u00e8 nulla da firmare<\/span><\/span><\/h5>\n<p>.\u00a0 \u00a0 \u00a0 \u00a0 \u00a0 \u00a0 \u00a0 \u00a0 \u00a0 \u00a0 Ecco le ultime iniziative di successo:<br \/>\n<!-- Nessuna iniziativa sostenuta da AVIVO \u00e8 attualmente in corso --><br \/>\n<strong><a style=\"color: #ff0000;\" href=\"https:\/\/avivo-ch.ch\/wp-content\/uploads\/2020\/03\/Initiative-13xAHV-I.pdf\" target=\"_blank\" rel=\"noopener noreferrer\">Per vivere meglio la pensione (Iniziativa per una 13esima mensilit\u00e0 AVS)<\/a><\/strong><br \/>\nFirmare OnLine: <strong><a style=\"color: #ff0000;\" href=\"https:\/\/it.AVSx13.ch\/?src=sgb\" target=\"_blank\" rel=\"noopener noreferrer\">Clicca qui<\/a><\/strong><\/p>\n<p><strong><a style=\"color: #ff0000;\" href=\"http:\/\/avivo-ch.ch\/wp-content\/uploads\/2019\/11\/Initiative-Allegement-primes-I.pdf\" target=\"_blank\" rel=\"noopener noreferrer\">Al massimo il 10 per cento del reddito per i premi delle casse malati (Iniziativa per premi meno onerosi)<\/a><\/strong><\/p>\n<h5><strong><span style=\"color: #0000ff;\">Referendum:<\/span><\/strong><\/h5>\n<h5><span style=\"color: #0000ff;\">.\u00a0 \u00a0 \u00a0 \u00a0 \u00a0 \u00a0 \u00a0 \u00a0 \u00a0 \u00a0 \u00a0<span style=\"color: #000000;\">Al momento non c&#8217;\u00e8 nulla da firmare<\/span><\/span><\/h5>\n<p>.\u00a0 \u00a0 \u00a0 \u00a0 \u00a0 \u00a0 \u00a0 \u00a0 \u00a0 \u00a0 Ecco le ultime referendum di successo:<br \/>\n<strong><a style=\"color: #ff0000;\" href=\"https:\/\/avivo-ch.ch\/wp-content\/uploads\/2023\/11\/IT_Doppel_ohne_Codierung_SW-mit-Logo.pdf\" target=\"_blank\" rel=\"noopener noreferrer\">a) Referendum contro la facilitazione della cancellazione in caso di sublocazione,<br \/>\nb) Referendum contro la facilitazione della cancellazione in caso di bisogno personale<\/a><\/strong><br \/>\nStampate il foglio firme fronte\/retro, firmatelo, piegatelo e imbucatelo nella cassetta delle lettere pi\u00f9 vicina. (Non \u00e8 necessario il francobollo).<\/p>\n<h5><strong><a style=\"color: #ff0000;\" href=\"https:\/\/avivo-ch.ch\/wp-content\/uploads\/2022\/01\/referendum-sur-lavs-21-f2-fr.pdf\" target=\"_blank\" rel=\"noopener noreferrer\">R\u00e9f\u00e9rendum contre le d\u00e9mant\u00e8lement de l\u2019AVS<\/a><\/strong><\/h5>\n","protected":false},"excerpt":{"rendered":"<p>Iniziative popolare e Referendum attuali, sostenuti da AVIVO Svizzera Scaricare, firmare e rispedire ! Iniziative popolare: .\u00a0 \u00a0 \u00a0 \u00a0 \u00a0 \u00a0 \u00a0 \u00a0 \u00a0 \u00a0 \u00a0Al momento non c&#8217;\u00e8 nulla da firmare .\u00a0 \u00a0 \u00a0 \u00a0 \u00a0 \u00a0 \u00a0 \u00a0 \u00a0 \u00a0 Ecco le ultime iniziative di successo: Per vivere meglio la pensione (Iniziativa &hellip; <a href=\"https:\/\/avivo-ch.ch\/it\/initiatives-referendums\/\" class=\"more-link\">Continue reading <span class=\"screen-reader-text\">Per firmare<\/span> <span class=\"meta-nav\">&rarr;<\/span><\/a><\/p>\n","protected":false},"author":3,"featured_media":0,"parent":0,"menu_order":0,"comment_status":"closed","ping_status":"closed","template":"","meta":{"inline_featured_image":false,"footnotes":""},"class_list":["post-519","page","type-page","status-publish","hentry"],"translation":{"provider":"WPGlobus","version":"2.12.2","language":"it","enabled_languages":["de","fr","it"],"languages":{"de":{"title":true,"content":true,"excerpt":false},"fr":{"title":true,"content":true,"excerpt":false},"it":{"title":true,"content":true,"excerpt":false}}},"jetpack_sharing_enabled":true,"_links":{"self":[{"href":"https:\/\/avivo-ch.ch\/it\/wp-json\/wp\/v2\/pages\/519","targetHints":{"allow":["GET"]}}],"collection":[{"href":"https:\/\/avivo-ch.ch\/it\/wp-json\/wp\/v2\/pages"}],"about":[{"href":"https:\/\/avivo-ch.ch\/it\/wp-json\/wp\/v2\/types\/page"}],"author":[{"embeddable":true,"href":"https:\/\/avivo-ch.ch\/it\/wp-json\/wp\/v2\/users\/3"}],"replies":[{"embeddable":true,"href":"https:\/\/avivo-ch.ch\/it\/wp-json\/wp\/v2\/comments?post=519"}],"version-history":[{"count":89,"href":"https:\/\/avivo-ch.ch\/it\/wp-json\/wp\/v2\/pages\/519\/revisions"}],"predecessor-version":[{"id":1961,"href":"https:\/\/avivo-ch.ch\/it\/wp-json\/wp\/v2\/pages\/519\/revisions\/1961"}],"wp:attachment":[{"href":"https:\/\/avivo-ch.ch\/it\/wp-json\/wp\/v2\/media?parent=519"}],"curies":[{"name":"wp","href":"https:\/\/api.w.org\/{rel}","templated":true}]}}