{"id":27,"date":"2016-05-14T19:30:15","date_gmt":"2016-05-14T17:30:15","guid":{"rendered":"http:\/\/avivo-ch.ch\/?page_id=27"},"modified":"2025-09-16T18:42:51","modified_gmt":"2025-09-16T16:42:51","slug":"presse","status":"publish","type":"page","link":"https:\/\/avivo-ch.ch\/it\/presse\/","title":{"rendered":"Comunicati stampa"},"content":{"rendered":"<p><span style=\"color: #ff0000;\"><strong><a style=\"color: #ff0000;\" href=\"https:\/\/avivo-ch.ch\/wp-content\/uploads\/2025\/09\/AVIVO-Suisse-CP-votations-28.09.pdf\" target=\"_blank\" rel=\"noopener\">Communiqu\u00e9 de presse &#8211; Recommandations de l&#8217;AVIVO en vue des votations f\u00e9d\u00e9rales du 28 septembre 2025<\/a><\/strong><\/span><\/p>\n<p><a style=\"color: #ff0000;\" href=\"https:\/\/avivo-ch.ch\/wp-content\/uploads\/2025\/06\/AVIVO-Suisse-F-D-CP-assemblee-delegues-04.06.2025.pdf\" target=\"_blank\" rel=\"noopener\">Comunicato stampa &#8211; Assemblea dei Delegati del 2025 a Ginevra (in francese)<\/a><\/p>\n<p><a href=\"https:\/\/avivo-ch.ch\/wp-content\/uploads\/2024\/09\/AVIVO_CH-Communique_vote_LPP.pdf\" target=\"_blank\" rel=\"noopener\">Votazione sulla riforma della LPP: niente inganni con il secondo pilastro! Stop al \u201cfurto dell\u2019affitto\u201d ! (in francese)<\/a><\/p>\n<p><a href=\"https:\/\/avivo-ch.ch\/wp-content\/uploads\/2024\/08\/AVIVO_CH-Communique_CP_LPP.pdf\" target=\"_blank\" rel=\"noopener\">Conferenza stampa, Berna, 22.08.24: NO alla riforma della LPP del 22 settembre! (in francese)<\/a><\/p>\n<p><a href=\"https:\/\/avivo-ch.ch\/wp-content\/uploads\/2024\/08\/AVIVO_CH-Communique_AVS.pdf\" target=\"_blank\" rel=\"noopener\">Cifre errate dell&#8217;OFAS: deplorevoli, addirittura scandalose! (06.08.2024) (in francese)<\/a><\/p>\n<p><a href=\"https:\/\/avivo-ch.ch\/wp-content\/uploads\/2024\/06\/AVIVO-CH-CP-11-06-2024.pdf\" target=\"_blank\" rel=\"noopener\">NO all&#8217;eliminazione degli uffici postali ! (11.06.2024, in francese)<\/a><\/p>\n<p><a href=\"https:\/\/avivo-ch.ch\/wp-content\/uploads\/2024\/06\/AVIVO-CH-CP-09-06-2024.pdf\" target=\"_blank\" rel=\"noopener\">Voti sui premi dell\u2019assicurazione sanitaria, 09.06.2024 (in francese)<\/a><\/p>\n<p><a href=\"https:\/\/avivo-ch.ch\/wp-content\/uploads\/2024\/04\/AVIVO-CH-CP-AG-Zurich-22-04-2024.pdf\" target=\"_blank\" rel=\"noopener\">Comunicato stampa dell&#8217;Assemblea dei delegati, Zurigo, 22.04.2024 (in francese)<\/a><\/p>\n<p><a href=\"https:\/\/avivo-ch.ch\/wp-content\/uploads\/2024\/03\/AVIVO-CH-Communique-de-presse-rentes-veufs-et-veuves29-03-2024.pdf\" target=\"_blank\" rel=\"noopener\">NO all&#8217;abolizione delle pensioni alle vedove! (in francese) , 29 marzo 2024<\/a><\/p>\n<p><a href=\"https:\/\/avivo-ch.ch\/wp-content\/uploads\/2024\/03\/AVIVO-CH-Communique-de-presse-3-mars-2024.pdf\" target=\"_blank\" rel=\"noopener\">Voto sulla 13esima mensilit\u00e0 AVS: una vittoria storica per i pensionati! , 3 marzo 2024 (in francese)<\/a><\/p>\n<p><a href=\"https:\/\/avivo-ch.ch\/wp-content\/uploads\/2024\/02\/AVIVO-CH-communique-13eme-rente-AVS-23.01.24.pdf\" target=\"_blank\" rel=\"noopener\">SI alla iniziativa per una 13esima mensilit\u00e0 AVS!! (in francese), 23 gennaio 2024<\/a><\/p>\n<p><a href=\"https:\/\/avivo-ch.ch\/wp-content\/uploads\/2023\/04\/AVIVO-CH-Comunicato-30-03-2023.pdf\" target=\"_blank\" rel=\"noopener noreferrer\">Finanze federali: stop alle misure di aggiustamento sui pi\u00f9 deboli! &#8211; marzo 2023<\/a><\/p>\n<p><a href=\"https:\/\/avivo-ch.ch\/wp-content\/uploads\/2023\/03\/AVIVO-CH-communique\u0301-soutien-referendums-AVS-17-03-2023.pdf\" target=\"_blank\" rel=\"noopener noreferrer\">Quando \u00e8 troppo \u00e8 troppo! E viva i referendum! &#8211; marzo 2023 (in francese)<\/a><\/p>\n<p><a href=\"https:\/\/avivo-ch.ch\/wp-content\/uploads\/2022\/02\/AVIVO-CH-communique\u0301-Covid-abandon-des-mesures-Italien.pdf\" target=\"_blank\" rel=\"noopener noreferrer\">Misure Covid : Il Consiglio Federale passa da \u201cstemm\u201d a \u201cschuss\u201d : danni in vista, febbraio 2022<\/a><\/p>\n<p><a href=\"https:\/\/avivo-ch.ch\/wp-content\/uploads\/2021\/06\/AVIVO-CH-communique\u0301-AVS21.pdf\" target=\"_blank\" rel=\"noopener noreferrer\">AVS21: Parodia dell&#8217;uguaglianza e schiaffo alle donne, giugno 2021 (in francese)<\/a><\/p>\n<p><a href=\"https:\/\/avivo-ch.ch\/wp-content\/uploads\/2020\/07\/AVIVO-CH-communiqu\u00e9-Covid-D-F-07-2000.pdf\" target=\"_blank\" rel=\"noopener noreferrer\">Covid-19: Dopo la prima ondata e prima della seconda ondata, luglio 2020 (in F\/D)<\/a><\/p>\n<p><a href=\"https:\/\/avivo-ch.ch\/wp-content\/uploads\/2020\/04\/AVIVO-CH-Comunicato-stampa-Selezione-dei-pazienti-.pdf\" target=\"_blank\" rel=\"noopener noreferrer\">Covid-19: Selezione dei pazienti e carenza di risorse, aprile 2020<\/a><\/p>\n<p><a href=\"http:\/\/avivo-ch.ch\/wp-content\/uploads\/2019\/07\/AVIVO-CH-Comunicato-LPP-03-07-2019.pdf\" target=\"_blank\" rel=\"noopener noreferrer\">Rianimare il 2\u00b0 Pilastro grazie all\u2019eccellente sistema a ripartizione dell\u2019AVS, luglio 2019<\/a><\/p>\n<p><a href=\"http:\/\/avivo-ch.ch\/wp-content\/uploads\/2019\/06\/AVIVO-CH-Comunicato-15-05-2019.pdf\" target=\"_blank\" rel=\"noopener noreferrer\">NO all&#8217;aumento del prezzo del trasporto pubblico, maggio 2019<\/a><\/p>\n<p><a href=\"http:\/\/avivo-ch.ch\/wp-content\/uploads\/2019\/05\/AVIVO-CH-Comunicato-16-05-2019.pdf\" target=\"_blank\" rel=\"noopener noreferrer\">NO al ribasso dei tassi di conversione LPP, maggio 2019<\/a><\/p>\n<p><a href=\"http:\/\/avivo-ch.ch\/wp-content\/uploads\/2019\/03\/AVIVO-CH-Comunicato-04-03-2019.pdf\" target=\"_blank\" rel=\"noopener noreferrer\">Una decisione patetica, quella di aumentare la franchigia LAMal!<\/a><\/p>\n<p><a href=\"http:\/\/avivo-ch.ch\/wp-content\/uploads\/2018\/05\/AVIVO-CH-communiqu\u00e9-AssMal-avril18.pdf\" target=\"_blank\" rel=\"noopener noreferrer\">Premi dell&#8217;assicurazione malattia, aprile 2018 (in francese)<\/a><\/p>\n<p><a href=\"http:\/\/avivo-ch.ch\/wp-content\/uploads\/2018\/10\/AVIVO-CH-Comunicato-25-11-2018.pdf\" target=\"_blank\" rel=\"noopener noreferrer\">Votazione del 25 novembre 2018<\/a><\/p>\n<p><a href=\"http:\/\/avivo-ch.ch\/wp-content\/uploads\/2018\/08\/AVIVO-CH-Comunicato-21-08-2018.pdf\" target=\"_blank\" rel=\"noopener noreferrer\">Votazione del 23 settembre 2018<\/a><\/p>\n<p><a href=\"http:\/\/avivo-ch.ch\/wp-content\/uploads\/2018\/05\/AVIVO-CH-communiqu\u00e9-NoBillag-f\u00e9v2018.pdf\" target=\"_blank\" rel=\"noopener noreferrer\">No a No-Billag, febbraio 2018 (in francese)<\/a><\/p>\n<p><a href=\"http:\/\/avivo-ch.ch\/wp-content\/uploads\/2018\/05\/AVIVO-CH-communiqu\u00e9-rentes-d\u00e9c2017.pdf\" target=\"_blank\" rel=\"noopener noreferrer\">Dopo il NO a PV2020, dicembre 2017 (in francese)<\/a><\/p>\n","protected":false},"excerpt":{"rendered":"<p>Communiqu\u00e9 de presse &#8211; Recommandations de l&#8217;AVIVO en vue des votations f\u00e9d\u00e9rales du 28 septembre 2025 Comunicato stampa &#8211; Assemblea dei Delegati del 2025 a Ginevra (in francese) Votazione sulla riforma della LPP: niente inganni con il secondo pilastro! Stop al \u201cfurto dell\u2019affitto\u201d ! (in francese) Conferenza stampa, Berna, 22.08.24: NO alla riforma della LPP &hellip; <a href=\"https:\/\/avivo-ch.ch\/it\/presse\/\" class=\"more-link\">Continue reading <span class=\"screen-reader-text\">Comunicati stampa<\/span> <span class=\"meta-nav\">&rarr;<\/span><\/a><\/p>\n","protected":false},"author":1,"featured_media":0,"parent":0,"menu_order":0,"comment_status":"closed","ping_status":"closed","template":"","meta":{"inline_featured_image":false,"footnotes":""},"class_list":["post-27","page","type-page","status-publish","hentry"],"translation":{"provider":"WPGlobus","version":"2.12.2","language":"it","enabled_languages":["de","fr","it"],"languages":{"de":{"title":true,"content":true,"excerpt":false},"fr":{"title":true,"content":true,"excerpt":false},"it":{"title":true,"content":true,"excerpt":false}}},"jetpack_sharing_enabled":true,"_links":{"self":[{"href":"https:\/\/avivo-ch.ch\/it\/wp-json\/wp\/v2\/pages\/27","targetHints":{"allow":["GET"]}}],"collection":[{"href":"https:\/\/avivo-ch.ch\/it\/wp-json\/wp\/v2\/pages"}],"about":[{"href":"https:\/\/avivo-ch.ch\/it\/wp-json\/wp\/v2\/types\/page"}],"author":[{"embeddable":true,"href":"https:\/\/avivo-ch.ch\/it\/wp-json\/wp\/v2\/users\/1"}],"replies":[{"embeddable":true,"href":"https:\/\/avivo-ch.ch\/it\/wp-json\/wp\/v2\/comments?post=27"}],"version-history":[{"count":122,"href":"https:\/\/avivo-ch.ch\/it\/wp-json\/wp\/v2\/pages\/27\/revisions"}],"predecessor-version":[{"id":1953,"href":"https:\/\/avivo-ch.ch\/it\/wp-json\/wp\/v2\/pages\/27\/revisions\/1953"}],"wp:attachment":[{"href":"https:\/\/avivo-ch.ch\/it\/wp-json\/wp\/v2\/media?parent=27"}],"curies":[{"name":"wp","href":"https:\/\/api.w.org\/{rel}","templated":true}]}}