{"id":129,"date":"2018-05-04T18:34:45","date_gmt":"2018-05-04T16:34:45","guid":{"rendered":"http:\/\/avivo-ch.ch\/?page_id=129"},"modified":"2025-06-07T23:10:20","modified_gmt":"2025-06-07T21:10:20","slug":"rapports-annuels","status":"publish","type":"page","link":"https:\/\/avivo-ch.ch\/it\/rapports-annuels\/","title":{"rendered":"Rapporti di attivit\u00e0"},"content":{"rendered":"<p><a href=\"https:\/\/avivo-ch.ch\/wp-content\/uploads\/2025\/06\/AVIVO-CH-F-rapport-dactivites-2024-2025.pdf\" target=\"_blank\" rel=\"noopener noreferrer\">Rapporto di attivit\u00e0 2024-25, Zurigo (in francese)<\/a><\/p>\n<p><a href=\"https:\/\/avivo-ch.ch\/wp-content\/uploads\/2024\/04\/AVIVO-CH-rapport-2023-2024-AD-Zuerich-22.04.2024.pdf\" target=\"_blank\" rel=\"noopener noreferrer\">Rapporto di attivit\u00e0 2023-24, Zurigo (in francese)<\/a><\/p>\n<p><a href=\"https:\/\/avivo-ch.ch\/wp-content\/uploads\/2023\/09\/AVIVO-CH-rapport-activite-2022-Bale.pdf\" target=\"_blank\" rel=\"noopener noreferrer\">Rapporto di attivit\u00e0 2022-23, Basilea (in francese)<\/a><\/p>\n<p><a href=\"https:\/\/avivo-ch.ch\/wp-content\/uploads\/2020\/11\/AVIVO-CH-rapport-activite\u0301-2020-Del\u00e9mont.pdf\" target=\"_blank\" rel=\"noopener noreferrer\">Rapporto di attivit\u00e0 2019-20 (in francese)<\/a><\/p>\n<p><a href=\"https:\/\/avivo-ch.ch\/wp-content\/uploads\/2024\/12\/AVIVO-CH-rapport-activite-2018-Sion-new.pdf\" target=\"_blank\" rel=\"noopener noreferrer\">Rapporto di attivit\u00e0 2018-19, Sion (in francese)<\/a><\/p>\n<p><a href=\"http:\/\/avivo-ch.ch\/wp-content\/uploads\/2018\/05\/AVIVO-CH-rapport-activit\u00e9-2017-Bienne.pdf\" target=\"_blank\" rel=\"noopener noreferrer\">Rapporto di attivit\u00e0 2017-18, Biel (in francese)<\/a><\/p>\n<p><a href=\"http:\/\/avivo-ch.ch\/wp-content\/uploads\/2018\/05\/AVIVO-CH-rapport-activite\u0301-2016-GE.pdf\" target=\"_blank\" rel=\"noopener noreferrer\">Rapporto di attivit\u00e0 2016-17, Ginevra (in francese)<\/a><\/p>\n<p><a href=\"http:\/\/avivo-ch.ch\/wp-content\/uploads\/2018\/05\/AVIVO-CH-rapport-activite\u0301-2015-LeLocle.pdf\" target=\"_blank\" rel=\"noopener noreferrer\">Rapporto di attivit\u00e0 2015-16, Le Locle (in francese)<\/a><\/p>\n","protected":false},"excerpt":{"rendered":"<p>Rapporto di attivit\u00e0 2024-25, Zurigo (in francese) Rapporto di attivit\u00e0 2023-24, Zurigo (in francese) Rapporto di attivit\u00e0 2022-23, Basilea (in francese) Rapporto di attivit\u00e0 2019-20 (in francese) Rapporto di attivit\u00e0 2018-19, Sion (in francese) Rapporto di attivit\u00e0 2017-18, Biel (in francese) Rapporto di attivit\u00e0 2016-17, Ginevra (in francese) Rapporto di attivit\u00e0 2015-16, Le Locle (in &hellip; <a href=\"https:\/\/avivo-ch.ch\/it\/rapports-annuels\/\" class=\"more-link\">Continue reading <span class=\"screen-reader-text\">Rapporti di attivit\u00e0<\/span> <span class=\"meta-nav\">&rarr;<\/span><\/a><\/p>\n","protected":false},"author":3,"featured_media":0,"parent":0,"menu_order":0,"comment_status":"closed","ping_status":"closed","template":"","meta":{"inline_featured_image":false,"footnotes":""},"class_list":["post-129","page","type-page","status-publish","hentry"],"translation":{"provider":"WPGlobus","version":"2.12.2","language":"it","enabled_languages":["de","fr","it"],"languages":{"de":{"title":true,"content":true,"excerpt":false},"fr":{"title":true,"content":true,"excerpt":false},"it":{"title":true,"content":true,"excerpt":false}}},"jetpack_sharing_enabled":true,"_links":{"self":[{"href":"https:\/\/avivo-ch.ch\/it\/wp-json\/wp\/v2\/pages\/129","targetHints":{"allow":["GET"]}}],"collection":[{"href":"https:\/\/avivo-ch.ch\/it\/wp-json\/wp\/v2\/pages"}],"about":[{"href":"https:\/\/avivo-ch.ch\/it\/wp-json\/wp\/v2\/types\/page"}],"author":[{"embeddable":true,"href":"https:\/\/avivo-ch.ch\/it\/wp-json\/wp\/v2\/users\/3"}],"replies":[{"embeddable":true,"href":"https:\/\/avivo-ch.ch\/it\/wp-json\/wp\/v2\/comments?post=129"}],"version-history":[{"count":39,"href":"https:\/\/avivo-ch.ch\/it\/wp-json\/wp\/v2\/pages\/129\/revisions"}],"predecessor-version":[{"id":190,"href":"https:\/\/avivo-ch.ch\/it\/wp-json\/wp\/v2\/pages\/129\/revisions\/190"}],"wp:attachment":[{"href":"https:\/\/avivo-ch.ch\/it\/wp-json\/wp\/v2\/media?parent=129"}],"curies":[{"name":"wp","href":"https:\/\/api.w.org\/{rel}","templated":true}]}}