{"id":1121,"date":"2020-05-13T21:07:27","date_gmt":"2020-05-13T19:07:27","guid":{"rendered":"https:\/\/avivo-ch.ch\/?page_id=1121"},"modified":"2020-11-26T15:50:10","modified_gmt":"2020-11-26T14:50:10","slug":"delegierten-versammlung-delemont-2020-2","status":"publish","type":"page","link":"https:\/\/avivo-ch.ch\/it\/delegierten-versammlung-delemont-2020-2\/","title":{"rendered":"Assemblea dei delegati, Del\u00e9mont, 2020"},"content":{"rendered":"<p>Cara lettrice, caro lettore,<\/p>\n<p>Come potete vedere nel testo sottostante di Martin Rotenb\u00fchler, l&#8217;assemblea dei delegati 2020 di AVIVO Svizzera non ha potuto tenere come previsto a Del\u00e9mont. A causa di coronavirus, si \u00e8 verificato per corrispondenza.<\/p>\n<p>Ecco il Rapporto di attivit\u00e0 e le due risoluzioni che sono state votate.<\/p>\n<p><a href=\"https:\/\/avivo-ch.ch\/wp-content\/uploads\/2020\/11\/AVIVO-CH-rapport-activite\u0301-2020-Del\u00e9mont.pdf\" target=\"_blank\" rel=\"noopener noreferrer\">Rapporto di attivit\u00e0 2019-20 (in francese)<\/a><\/p>\n<p><a href=\"https:\/\/avivo-ch.ch\/wp-content\/uploads\/2020\/11\/AVIVO-CH-re\u0301solution-1-2020-\u00e2ge-de-la-retraite.pdf\" target=\" rel=\" rel=\"noopener noreferrer\">Risoluzione 1-2020 : NO a qualsiasi aumento dell&#8217;et\u00e0 pensionabile (in francese)<\/a><\/p>\n<p><a href=\"https:\/\/avivo-ch.ch\/wp-content\/uploads\/2020\/11\/AVIVO-CH-re\u0301solution-2-2020-Covid.pdf\" target=\"_blank\" rel=\"noopener noreferrer\">Risoluzione 2-2020 : Covid 19 negli EMS: mai pi\u00f9 questo! (in francese)<\/a><\/p>\n<p>&nbsp;<\/p>\n<p>&nbsp;<\/p>\n<p>Care amiche, cari amici,<\/p>\n<p>Oggi saremmo dovuti essere nella bella citt\u00e0 di Del\u00e9mont in occasione dell\u2019Assemblea dei delegati dell\u2019AVIVO Svizzera. Avrei sicuramente preso la parola per esprimere la mia collera e la mia preoccupazione.<\/p>\n<p>Cosa dice tanto bene il preambolo della nostra Costituzione federale?<\/p>\n<p>\u201cIl popolo e i cantoni svizzeri, (\u2026) sapendo che (\u2026) la forza di una comunit\u00e0 si misura sul \u201cbene-essere\u201d dei pi\u00f9 deboli, promulgano questa Costituzione.<\/p>\n<p>Il \u201cbene-essere\u201d dei pi\u00f9 deboli? Chi sono le persone pi\u00f9 fragili in questo momento? Li troviamo nelle Residenze per anziani, nelle prigioni, nei centri per i richiedenti asilo, fra i senza fissa dimora e fra i clandestini. Sono le persone diversamente abili, gli anziani malati, i poveri, gli apolidi, i detenuti, i disoccupati di lungo periodo.<\/p>\n<p>E\u2019 vergognoso il modo come sono state trattate queste persone in questo periodo di crisi. Se, ad esempio, la forza di una comunit\u00e0 si misura sul \u201cbene-essere\u201d dei cittadini pi\u00f9 anziani nelle residenze per anziani, questa forza non \u00e8 certo tanto grande. I nostri familiari e i nostri amici sono stati vittime dell\u2019incapacit\u00e0 generale durante settimane, isolati, lasciati soli nelle loro camere, talvolta anche senza balcone.<\/p>\n<p>Certo, lo so. Le residenze per anziani sono sotto pressione perch\u00e9 devono risparmiare, vi \u00e8 penuria di personale e di manodopera qualificata. Non \u00e8 la cattiva volont\u00e0 del personale sotto pressione che ha portato a queste condizioni scandalose. Le lacune dell\u2019attuale sistema sono pi\u00f9 evidenti in una situazione di crisi. E la crisi, sempre e ovunque, colpisce in modo violento dapprima i pi\u00f9 vulnerabili.<\/p>\n<p>Comunque sia, tutto quello che ho avuto modo di osservare nelle residenze per anziani ha rafforzato la mia convinzione che una AVIVO forte, che difende i valori fondamentali della societ\u00e0 e i diritti delle persone anziani, continua ad essere una necessit\u00e0 urgente.<\/p>\n<p>Con i miei migliori saluti.<\/p>\n<p>Martin<\/p>\n","protected":false},"excerpt":{"rendered":"<p>Cara lettrice, caro lettore, Come potete vedere nel testo sottostante di Martin Rotenb\u00fchler, l&#8217;assemblea dei delegati 2020 di AVIVO Svizzera non ha potuto tenere come previsto a Del\u00e9mont. A causa di coronavirus, si \u00e8 verificato per corrispondenza. Ecco il Rapporto di attivit\u00e0 e le due risoluzioni che sono state votate. Rapporto di attivit\u00e0 2019-20 (in &hellip; <a href=\"https:\/\/avivo-ch.ch\/it\/delegierten-versammlung-delemont-2020-2\/\" class=\"more-link\">Continue reading <span class=\"screen-reader-text\">Assemblea dei delegati, Del\u00e9mont, 2020<\/span> <span class=\"meta-nav\">&rarr;<\/span><\/a><\/p>\n","protected":false},"author":3,"featured_media":0,"parent":0,"menu_order":0,"comment_status":"closed","ping_status":"closed","template":"","meta":{"inline_featured_image":false,"footnotes":""},"class_list":["post-1121","page","type-page","status-publish","hentry"],"translation":{"provider":"WPGlobus","version":"2.12.2","language":"it","enabled_languages":["de","fr","it"],"languages":{"de":{"title":true,"content":true,"excerpt":false},"fr":{"title":true,"content":true,"excerpt":false},"it":{"title":true,"content":true,"excerpt":false}}},"jetpack_sharing_enabled":true,"_links":{"self":[{"href":"https:\/\/avivo-ch.ch\/it\/wp-json\/wp\/v2\/pages\/1121","targetHints":{"allow":["GET"]}}],"collection":[{"href":"https:\/\/avivo-ch.ch\/it\/wp-json\/wp\/v2\/pages"}],"about":[{"href":"https:\/\/avivo-ch.ch\/it\/wp-json\/wp\/v2\/types\/page"}],"author":[{"embeddable":true,"href":"https:\/\/avivo-ch.ch\/it\/wp-json\/wp\/v2\/users\/3"}],"replies":[{"embeddable":true,"href":"https:\/\/avivo-ch.ch\/it\/wp-json\/wp\/v2\/comments?post=1121"}],"version-history":[{"count":14,"href":"https:\/\/avivo-ch.ch\/it\/wp-json\/wp\/v2\/pages\/1121\/revisions"}],"predecessor-version":[{"id":1508,"href":"https:\/\/avivo-ch.ch\/it\/wp-json\/wp\/v2\/pages\/1121\/revisions\/1508"}],"wp:attachment":[{"href":"https:\/\/avivo-ch.ch\/it\/wp-json\/wp\/v2\/media?parent=1121"}],"curies":[{"name":"wp","href":"https:\/\/api.w.org\/{rel}","templated":true}]}}