{"id":905,"date":"2019-07-26T10:38:52","date_gmt":"2019-07-26T08:38:52","guid":{"rendered":"http:\/\/avivo-ch.ch\/?page_id=905"},"modified":"2023-11-22T23:27:32","modified_gmt":"2023-11-22T22:27:32","slug":"cf","status":"publish","type":"page","link":"https:\/\/avivo-ch.ch\/fr\/cf\/","title":{"rendered":"Lettres au Conseil F\u00e9d\u00e9ral"},"content":{"rendered":"<p><a href=\"https:\/\/avivo-ch.ch\/wp-content\/uploads\/2023\/11\/primes-lettre-au-c-fed-avivo-CH-10.2023.pdf\" target=\"_blank\" rel=\"noopener noreferrer\">Lettre au Conseil F\u00e9d\u00e9ral: Augmentation des primes de l&rsquo;assurance-maladie, octobre 2023<\/a><\/p>\n<p><strong><a style=\"color: #ff0000;\" href=\"http:\/\/avivo-ch.ch\/wp-content\/uploads\/2019\/07\/AVIVO-Lettre-CF-primes.pdf\" target=\"_blank\" rel=\"noopener noreferrer\">Lettre au Conseiller F\u00e9d\u00e9ral Berset concernant les primes d&rsquo;assurance maladie, juillet 2019<\/a><\/strong><\/p>\n<p><a href=\"http:\/\/avivo-ch.ch\/wp-content\/uploads\/2019\/06\/AVIVO-Lettre-CF-malvoyants.pdf\" target=\"_blank\" rel=\"noopener noreferrer\">Lettre au Conseil F\u00e9d\u00e9ral: Carte de stationnement pour handicap\u00e9s malvoyants, 2019<\/a><\/p>\n","protected":false},"excerpt":{"rendered":"<p>Lettre au Conseil F\u00e9d\u00e9ral: Augmentation des primes de l&rsquo;assurance-maladie, octobre 2023 Lettre au Conseiller F\u00e9d\u00e9ral Berset concernant les primes d&rsquo;assurance maladie, juillet 2019 Lettre au Conseil F\u00e9d\u00e9ral: Carte de stationnement pour handicap\u00e9s malvoyants, 2019<\/p>\n","protected":false},"author":3,"featured_media":0,"parent":0,"menu_order":0,"comment_status":"closed","ping_status":"closed","template":"","meta":{"inline_featured_image":false,"footnotes":""},"class_list":["post-905","page","type-page","status-publish","hentry"],"translation":{"provider":"WPGlobus","version":"2.12.2","language":"fr","enabled_languages":["de","fr","it"],"languages":{"de":{"title":true,"content":true,"excerpt":false},"fr":{"title":true,"content":true,"excerpt":false},"it":{"title":true,"content":true,"excerpt":false}}},"jetpack_sharing_enabled":true,"_links":{"self":[{"href":"https:\/\/avivo-ch.ch\/fr\/wp-json\/wp\/v2\/pages\/905","targetHints":{"allow":["GET"]}}],"collection":[{"href":"https:\/\/avivo-ch.ch\/fr\/wp-json\/wp\/v2\/pages"}],"about":[{"href":"https:\/\/avivo-ch.ch\/fr\/wp-json\/wp\/v2\/types\/page"}],"author":[{"embeddable":true,"href":"https:\/\/avivo-ch.ch\/fr\/wp-json\/wp\/v2\/users\/3"}],"replies":[{"embeddable":true,"href":"https:\/\/avivo-ch.ch\/fr\/wp-json\/wp\/v2\/comments?post=905"}],"version-history":[{"count":21,"href":"https:\/\/avivo-ch.ch\/fr\/wp-json\/wp\/v2\/pages\/905\/revisions"}],"predecessor-version":[{"id":1592,"href":"https:\/\/avivo-ch.ch\/fr\/wp-json\/wp\/v2\/pages\/905\/revisions\/1592"}],"wp:attachment":[{"href":"https:\/\/avivo-ch.ch\/fr\/wp-json\/wp\/v2\/media?parent=905"}],"curies":[{"name":"wp","href":"https:\/\/api.w.org\/{rel}","templated":true}]}}