{"id":870,"date":"2019-07-03T17:31:00","date_gmt":"2019-07-03T15:31:00","guid":{"rendered":"http:\/\/avivo-ch.ch\/?page_id=870"},"modified":"2024-04-29T14:09:33","modified_gmt":"2024-04-29T12:09:33","slug":"consultations","status":"publish","type":"page","link":"https:\/\/avivo-ch.ch\/fr\/consultations\/","title":{"rendered":"Consultations"},"content":{"rendered":"<p><a href=\"https:\/\/avivo-ch.ch\/wp-content\/uploads\/2024\/03\/AVIVO-CH-Communique-de-presse-rentes-veufs-et-veuves29-03-2024.pdf\" target=\"_blank\" rel=\"noopener\">R\u00e9ponse de l&rsquo;AVIVO \u00e0 la consultation sur la suppression des rentes de veuves , 29 mars 2024<\/a><\/p>\n<p><a href=\"https:\/\/avivo-ch.ch\/wp-content\/uploads\/2020\/03\/AVIVO-CH-consultation-LPP-2020.pdf\" target=\"_blank\" rel=\"no noopener noreferrer opener\">R\u00e9ponse de l&rsquo;AVIVO \u00e0 la consultation sur la r\u00e9forme du 2\u00e8me pilier (LPP), mars 2020<\/a><\/p>\n<p><a href=\"http:\/\/avivo-ch.ch\/wp-content\/uploads\/2019\/09\/AVIVO-CH-consultation-pont-AVS.pdf\" target=\"_blank\" rel=\"noopener noreferrer\">R\u00e9ponse de l&rsquo;AVIVO \u00e0 la consultation sur le pont AVS, septembre 2019<\/a><\/p>\n<p><a href=\"http:\/\/avivo-ch.ch\/wp-content\/uploads\/2019\/09\/AVIVO-CH-consultation-O-PC-2019.pdf\" target=\"_blank\" rel=\"noopener noreferrer\">R\u00e9ponse de l&rsquo;AVIVO \u00e0 la consultation sur l&rsquo;Ordonnance PC, septembre 2019<\/a><\/p>\n<p><a href=\"http:\/\/avivo-ch.ch\/wp-content\/uploads\/2019\/07\/AVIVO-CH-consultation-AVS21-2018.pdf\" target=\"_blank\" rel=\"noopener noreferrer\">R\u00e9ponse de l&rsquo;AVIVO \u00e0 la consultation AVS 21, 2018<\/a><\/p>\n","protected":false},"excerpt":{"rendered":"<p>R\u00e9ponse de l&rsquo;AVIVO \u00e0 la consultation sur la suppression des rentes de veuves , 29 mars 2024 R\u00e9ponse de l&rsquo;AVIVO \u00e0 la consultation sur la r\u00e9forme du 2\u00e8me pilier (LPP), mars 2020 R\u00e9ponse de l&rsquo;AVIVO \u00e0 la consultation sur le pont AVS, septembre 2019 R\u00e9ponse de l&rsquo;AVIVO \u00e0 la consultation sur l&rsquo;Ordonnance PC, septembre 2019 &hellip; <a href=\"https:\/\/avivo-ch.ch\/fr\/consultations\/\" class=\"more-link\">Continuer la lecture de <span class=\"screen-reader-text\">Consultations<\/span> <span class=\"meta-nav\">&rarr;<\/span><\/a><\/p>\n","protected":false},"author":3,"featured_media":0,"parent":0,"menu_order":0,"comment_status":"closed","ping_status":"closed","template":"","meta":{"inline_featured_image":false,"footnotes":""},"class_list":["post-870","page","type-page","status-publish","hentry"],"translation":{"provider":"WPGlobus","version":"2.12.2","language":"fr","enabled_languages":["de","fr","it"],"languages":{"de":{"title":true,"content":true,"excerpt":false},"fr":{"title":true,"content":true,"excerpt":false},"it":{"title":true,"content":true,"excerpt":false}}},"jetpack_sharing_enabled":true,"_links":{"self":[{"href":"https:\/\/avivo-ch.ch\/fr\/wp-json\/wp\/v2\/pages\/870","targetHints":{"allow":["GET"]}}],"collection":[{"href":"https:\/\/avivo-ch.ch\/fr\/wp-json\/wp\/v2\/pages"}],"about":[{"href":"https:\/\/avivo-ch.ch\/fr\/wp-json\/wp\/v2\/types\/page"}],"author":[{"embeddable":true,"href":"https:\/\/avivo-ch.ch\/fr\/wp-json\/wp\/v2\/users\/3"}],"replies":[{"embeddable":true,"href":"https:\/\/avivo-ch.ch\/fr\/wp-json\/wp\/v2\/comments?post=870"}],"version-history":[{"count":14,"href":"https:\/\/avivo-ch.ch\/fr\/wp-json\/wp\/v2\/pages\/870\/revisions"}],"predecessor-version":[{"id":1751,"href":"https:\/\/avivo-ch.ch\/fr\/wp-json\/wp\/v2\/pages\/870\/revisions\/1751"}],"wp:attachment":[{"href":"https:\/\/avivo-ch.ch\/fr\/wp-json\/wp\/v2\/media?parent=870"}],"curies":[{"name":"wp","href":"https:\/\/api.w.org\/{rel}","templated":true}]}}