{"id":817,"date":"2019-05-30T19:18:44","date_gmt":"2019-05-30T17:18:44","guid":{"rendered":"http:\/\/avivo-ch.ch\/?page_id=817"},"modified":"2020-01-21T10:54:58","modified_gmt":"2020-01-21T09:54:58","slug":"70-jubilaum-der-avivo-schweiz","status":"publish","type":"page","link":"https:\/\/avivo-ch.ch\/fr\/70-jubilaum-der-avivo-schweiz\/","title":{"rendered":"70 ans d&rsquo;AVIVO Suisse"},"content":{"rendered":"<p><strong><a style=\"color: #ff0000;\" href=\"http:\/\/avivo-ch.ch\/wp-content\/uploads\/2019\/07\/Brochure-70-ans-avivo-fr.pdf\" target=\"_blank\" rel=\"noopener noreferrer\">Brochure \u00ab\u00a070 ans AVIVO\u00a0\u00bb en fran\u00e7ais (\u00e0 ouvrir et t\u00e9l\u00e9charger)<\/a><\/strong><\/p>\n<p><strong><a style=\"color: #ff0000;\" href=\"http:\/\/avivo-ch.ch\/wp-content\/uploads\/2019\/07\/Brochure-70-ans-avivo-de.pdf\" target=\"_blank\" rel=\"noopener noreferrer\">Brochure \u00ab\u00a070 ans AVIVO\u00a0\u00bb en allemand (\u00e0 ouvrir et t\u00e9l\u00e9charger)<\/a><\/strong><\/p>\n<p><em>L\u2019AVIVO avoue son \u00e2ge avec fiert\u00e9. Le long et dur combat qui a permis, \u00e0 la sortie de la 2<sup>\u00e8me<\/sup> guerre, de cr\u00e9er l\u2019AVS a aussi encourag\u00e9 de jeunes politiciens \u00e0 faire vivre une organisation pr\u00eate \u00e0 d\u00e9fendre ces droits si fra\u00eechement conquis.<\/em><\/p>\n<p><strong>Le lien n\u2019a cess\u00e9 d\u2019exister entre l\u2019AVIVO et l\u2019AVS.<\/strong><\/p>\n<p>L\u2019AVIVO ne s\u2019est jamais d\u00e9partie de son soutien \u00e0 l\u2019AVS dont le syst\u00e8me par r\u00e9partition, solidaire, transparent, universel et s\u00fbr a permis de faire face \u00e0 l\u2019augmentation de l\u2019esp\u00e9rance de vie et \u00e0 traverser les crises. D\u2019embl\u00e9e, la solidarit\u00e9 et la convivialit\u00e9 ont permis \u00e0 la jeune association de d\u00e9velopper en toute coh\u00e9rence de multiples activit\u00e9s de loisirs, de partages et de b\u00e9n\u00e9volat qui font encore aujourd\u2019hui la richesse des quelque 31 sections locales et cantonales que compte l\u2019AVIVO suisse.<\/p>\n<p><strong>D\u00e9fendre les retrait\u00e9s et l\u2019avenir des jeunes<\/strong><\/p>\n<p>Avoir su faire de l\u2019AVIVO une des plus grandes et des plus anciennes associations de retrait\u00e9s est une belle r\u00e9ussite. Ses positions fermes et responsables, sa d\u00e9fense des droits des retrait\u00e9s et de la solidarit\u00e9, son souci de la qualit\u00e9 de vie des futures g\u00e9n\u00e9rations, \u00a0les multiples animations offertes par et pour les retrait\u00e9s qui leur permettent de sortir de chez eux et de lutter contre l\u2019isolement, voil\u00e0 la dynamique qui a jou\u00e9 un r\u00f4le dans la reconnaissance officielle dont l\u2019AVIVO fait l\u2019objet.<\/p>\n<p><strong>Turbulences dans les assurances sociales<\/strong><\/p>\n<p>Si au moment de la cr\u00e9ation de l\u2019AVIVO on ne parlait pas ouvertement d\u2019un \u00ab\u00a0tsunami gris\u00a0\u00bb, comme on ose le faire aujourd\u2019hui, les retraites et les assurances sociales n\u2019ont cess\u00e9 d\u2019\u00eatre victimes de turbulences. La LPP peine \u00e0 respecter les promesses faites \u00e0 sa naissance en 1985, et la fragilit\u00e9 du deuxi\u00e8me pilier est de plus en plus inqui\u00e9tante. Quant \u00e0 la Constitution f\u00e9d\u00e9rale et son article 112 al 2 lit b &#8211; celui qui dit que les rentes AVS doivent couvrir les besoins vitaux &#8211; \u00a0ils sont scandaleusement bafou\u00e9s. Plus de 300&rsquo;000 rentiers ne peuvent vivre sans l\u2019aide des prestations compl\u00e9mentaires et trop de personnes qui y auraient droit ne les demandent pas, y renoncent par ignorance ou par g\u00eane. Les primes d\u2019assurance maladie grignotent avec\u00a0 voracit\u00e9 les budgets\u00a0 malgr\u00e9 les subsides accord\u00e9s. On vit un tournant o\u00f9 la \u00ab\u00a0responsabilit\u00e9 individuelle\u00a0\u00bb est devenue un principe contagieux, d\u00e9ploy\u00e9 au d\u00e9triment de la solidarit\u00e9.<\/p>\n<p><strong>Authentiques d\u00e9fenseurs des droits des retrait\u00e9s<\/strong><\/p>\n<p>Aussi, de plus en plus, l\u2019AVIVO et ses services sociaux comp\u00e9tents deviennent incontournables. Les retrait\u00e9s ont besoin de l\u2019AVIVO et l\u2019AVIVO a besoin d\u2019eux. Ensemble, on est plus forts et les interlocuteurs officiels d\u2019une telle association qui compte plus de 20&rsquo;000 membres le savent bien. Trop souvent la parole des retrait\u00e9s est confisqu\u00e9e ou sert d\u2019alibi. L\u2019AVIVO sait se battre pour faire comprendre que les retrait\u00e9s sont d\u2019incontournables sp\u00e9cialistes du vieillissement\u00a0et les d\u00e9fenseurs authentiques des droits qui en d\u00e9pendent.<\/p>\n<p>Le vieillissement peut \u00eatre une source de profits pour certains, vu le potentiel d\u2019emplois nouveaux, les innovations technologiques et la robotique. Or entre progr\u00e8s, commerce, arguments s\u00e9curitaires et aspirations r\u00e9elles des a\u00een\u00e9s, la marge est hasardeuse. La \u00ab\u00a0silver economy\u00a0\u00bb ne doit pas faire oublier qu\u2019aucune innovation ne saurait remplacer une pr\u00e9sence, des \u00e9changes entre humains et de joyeuses rencontres.\u00a0 Rien n\u2019est plus essentiel que le lien social, le contact, l\u2019accompagnement et le partage, ce que savent et pratiquent les sections de l\u2019AVIVO.<\/p>\n<p><strong>Un symbole de solidarit\u00e9<\/strong><\/p>\n<p>Les f\u00eates d\u2019anniversaire de l\u2019AVIVO r\u00e9parties tout au long de l\u2019ann\u00e9e 2019 sont un hommage aux pionniers qui ont fait na\u00eetre l\u2019AVIVO, \u00e0 tous ceux qui l\u2019ont fait vivre et aux centaines de b\u00e9n\u00e9voles qui fortifient ce symbole de solidarit\u00e9. Merci et vive l\u2019AVIVO\u00a0!<\/p>\n<p>Les f\u00eates locales suivantes ont eu lieu:<\/p>\n<p style=\"padding-left: 30px;\">Section de <strong>Vaud<\/strong>: le 20 juin 2019 \u00e0 la salle de la Marive \u00e0 Yverdon.<\/p>\n<p style=\"padding-left: 30px;\">Section de <strong>Zurich<\/strong>: le 21 juin 2019 au\u00a0Volkshaus Z\u00fcrich, Blauer Saal (Maison du peuple, salle bleue)<\/p>\n<p style=\"padding-left: 30px;\">Section de <strong>Neuch\u00e2tel<\/strong>: le 6 septembre 2019 \u00e0 la Maison du peuple \u00e0 La Chaux-de-Fonds.<\/p>\n<p style=\"padding-left: 30px;\">Section de <strong>Berne<\/strong>: le 14 septembre 2019 d\u00e8s 17h, au \u00ab\u00a0Tr\u00e4ffer\u00a0\u00bb, Schlosshaldenstr. 43, Berne<\/p>\n<p style=\"padding-left: 30px;\">Section de <strong>B\u00e2le<\/strong>: le 30 octobre 2019 au UNION &#8211; Begegnungs- und Kulturzentrum (centre de Kleinbasel).<\/p>\n<p style=\"padding-left: 30px;\">Section de <strong>Gen\u00e8ve<\/strong>: le 23 novembre 2019 \u00e0 la salle de Plain Palais.<\/p>\n","protected":false},"excerpt":{"rendered":"<p>Brochure \u00ab\u00a070 ans AVIVO\u00a0\u00bb en fran\u00e7ais (\u00e0 ouvrir et t\u00e9l\u00e9charger) Brochure \u00ab\u00a070 ans AVIVO\u00a0\u00bb en allemand (\u00e0 ouvrir et t\u00e9l\u00e9charger) L\u2019AVIVO avoue son \u00e2ge avec fiert\u00e9. Le long et dur combat qui a permis, \u00e0 la sortie de la 2\u00e8me guerre, de cr\u00e9er l\u2019AVS a aussi encourag\u00e9 de jeunes politiciens \u00e0 faire vivre une organisation &hellip; <a href=\"https:\/\/avivo-ch.ch\/fr\/70-jubilaum-der-avivo-schweiz\/\" class=\"more-link\">Continuer la lecture de <span class=\"screen-reader-text\">70 ans d&rsquo;AVIVO Suisse<\/span> <span class=\"meta-nav\">&rarr;<\/span><\/a><\/p>\n","protected":false},"author":3,"featured_media":0,"parent":0,"menu_order":0,"comment_status":"closed","ping_status":"closed","template":"","meta":{"inline_featured_image":false,"footnotes":""},"class_list":["post-817","page","type-page","status-publish","hentry"],"translation":{"provider":"WPGlobus","version":"2.12.2","language":"fr","enabled_languages":["de","fr","it"],"languages":{"de":{"title":true,"content":true,"excerpt":false},"fr":{"title":true,"content":true,"excerpt":false},"it":{"title":true,"content":true,"excerpt":false}}},"jetpack_sharing_enabled":true,"_links":{"self":[{"href":"https:\/\/avivo-ch.ch\/fr\/wp-json\/wp\/v2\/pages\/817","targetHints":{"allow":["GET"]}}],"collection":[{"href":"https:\/\/avivo-ch.ch\/fr\/wp-json\/wp\/v2\/pages"}],"about":[{"href":"https:\/\/avivo-ch.ch\/fr\/wp-json\/wp\/v2\/types\/page"}],"author":[{"embeddable":true,"href":"https:\/\/avivo-ch.ch\/fr\/wp-json\/wp\/v2\/users\/3"}],"replies":[{"embeddable":true,"href":"https:\/\/avivo-ch.ch\/fr\/wp-json\/wp\/v2\/comments?post=817"}],"version-history":[{"count":23,"href":"https:\/\/avivo-ch.ch\/fr\/wp-json\/wp\/v2\/pages\/817\/revisions"}],"predecessor-version":[{"id":1075,"href":"https:\/\/avivo-ch.ch\/fr\/wp-json\/wp\/v2\/pages\/817\/revisions\/1075"}],"wp:attachment":[{"href":"https:\/\/avivo-ch.ch\/fr\/wp-json\/wp\/v2\/media?parent=817"}],"curies":[{"name":"wp","href":"https:\/\/api.w.org\/{rel}","templated":true}]}}