{"id":785,"date":"2019-05-30T15:09:55","date_gmt":"2019-05-30T13:09:55","guid":{"rendered":"http:\/\/avivo-ch.ch\/?page_id=785"},"modified":"2024-12-18T15:59:10","modified_gmt":"2024-12-18T14:59:10","slug":"delegierten-versammlung-sitten-2019","status":"publish","type":"page","link":"https:\/\/avivo-ch.ch\/fr\/delegierten-versammlung-sitten-2019\/","title":{"rendered":"Assembl\u00e9e des d\u00e9l\u00e9gu\u00e9s, Sion, 2019"},"content":{"rendered":"<p><a href=\"https:\/\/avivo-ch.ch\/wp-content\/uploads\/2024\/12\/AVIVO-CH-rapport-activite-2018-Sion-new.pdf\" target=\"_blank\" rel=\"noopener noreferrer\">Rapport d&rsquo;activit\u00e9 2018-19 (AG de Sion)<\/a><\/p>\n<p><a href=\"http:\/\/avivo-ch.ch\/wp-content\/uploads\/2019\/06\/AVIVO-CH-r\u00e9solution-Sion-2019.pdf\" target=\"_blank\" rel=\"noopener noreferrer\">R\u00e9solution AVS, Sion, 2019<\/a><\/p>\n<p><a href=\"http:\/\/avivo-ch.ch\/wp-content\/uploads\/2019\/07\/AVIVO-Suisse-assemblee-d\u00e9l\u00e9gu\u00e9s-2019-a.pub_.pdf\" target=\"_blank\" rel=\"noopener noreferrer\">Article du journal de l&rsquo;AVIVO Gen\u00e8ve \u00ab\u00a0Espaces\u00a0\u00bb, Juillet-Ao\u00fbt 2019<\/a><\/p>\n<table border=\"0\" width=\"100%\">\n<tbody>\n<tr>\n<td><img loading=\"lazy\" decoding=\"async\" class=\"alignnone wp-image-371\" src=\"http:\/\/avivo-ch.ch\/wp-content\/uploads\/2019\/05\/sion5.jpg\" alt=\"\" width=\"267\" height=\"200\" \/><\/td>\n<td>Les 5 copr\u00e9sidents de la section AVIVO Valais:<\/p>\n<ul>\n<li>Marie-Rose Dubuis<\/li>\n<li>G\u00e9rard Mittaz<\/li>\n<li>Anne-Marie Massard<\/li>\n<li>Fran\u00e7ois Michellod<\/li>\n<li>Jean Pierre Friderich<\/li>\n<\/ul>\n<\/td>\n<\/tr>\n<tr>\n<td style=\"text-align: right;\">Beau temps&#8230;<\/td>\n<td><img loading=\"lazy\" decoding=\"async\" class=\"alignnone size-medium wp-image-371\" src=\"http:\/\/avivo-ch.ch\/wp-content\/uploads\/2019\/05\/sion9.jpg\" alt=\"\" width=\"300\" height=\"225\" \/><\/td>\n<\/tr>\n<tr>\n<td><img loading=\"lazy\" decoding=\"async\" class=\"alignnone size-medium wp-image-371\" src=\"http:\/\/avivo-ch.ch\/wp-content\/uploads\/2019\/05\/sion1.jpg\" alt=\"\" width=\"300\" height=\"225\" \/><\/td>\n<td>&#8230; et d\u00e9licieuse raclette &#8230;<\/td>\n<\/tr>\n<tr>\n<td style=\"text-align: right;\">&#8230; Sant\u00e9 !!<\/td>\n<td><img loading=\"lazy\" decoding=\"async\" class=\"alignnone size-medium wp-image-371\" src=\"http:\/\/avivo-ch.ch\/wp-content\/uploads\/2019\/05\/sion6.jpg\" alt=\"\" width=\"300\" height=\"225\" \/><\/td>\n<\/tr>\n<\/tbody>\n<\/table>\n","protected":false},"excerpt":{"rendered":"<p>Rapport d&rsquo;activit\u00e9 2018-19 (AG de Sion) R\u00e9solution AVS, Sion, 2019 Article du journal de l&rsquo;AVIVO Gen\u00e8ve \u00ab\u00a0Espaces\u00a0\u00bb, Juillet-Ao\u00fbt 2019 Les 5 copr\u00e9sidents de la section AVIVO Valais: Marie-Rose Dubuis G\u00e9rard Mittaz Anne-Marie Massard Fran\u00e7ois Michellod Jean Pierre Friderich Beau temps&#8230; &#8230; et d\u00e9licieuse raclette &#8230; &#8230; Sant\u00e9 !!<\/p>\n","protected":false},"author":3,"featured_media":0,"parent":0,"menu_order":0,"comment_status":"closed","ping_status":"closed","template":"","meta":{"inline_featured_image":false,"footnotes":""},"class_list":["post-785","page","type-page","status-publish","hentry"],"translation":{"provider":"WPGlobus","version":"2.12.2","language":"fr","enabled_languages":["de","fr","it"],"languages":{"de":{"title":true,"content":true,"excerpt":false},"fr":{"title":true,"content":true,"excerpt":false},"it":{"title":true,"content":true,"excerpt":false}}},"jetpack_sharing_enabled":true,"_links":{"self":[{"href":"https:\/\/avivo-ch.ch\/fr\/wp-json\/wp\/v2\/pages\/785","targetHints":{"allow":["GET"]}}],"collection":[{"href":"https:\/\/avivo-ch.ch\/fr\/wp-json\/wp\/v2\/pages"}],"about":[{"href":"https:\/\/avivo-ch.ch\/fr\/wp-json\/wp\/v2\/types\/page"}],"author":[{"embeddable":true,"href":"https:\/\/avivo-ch.ch\/fr\/wp-json\/wp\/v2\/users\/3"}],"replies":[{"embeddable":true,"href":"https:\/\/avivo-ch.ch\/fr\/wp-json\/wp\/v2\/comments?post=785"}],"version-history":[{"count":28,"href":"https:\/\/avivo-ch.ch\/fr\/wp-json\/wp\/v2\/pages\/785\/revisions"}],"predecessor-version":[{"id":1875,"href":"https:\/\/avivo-ch.ch\/fr\/wp-json\/wp\/v2\/pages\/785\/revisions\/1875"}],"wp:attachment":[{"href":"https:\/\/avivo-ch.ch\/fr\/wp-json\/wp\/v2\/media?parent=785"}],"curies":[{"name":"wp","href":"https:\/\/api.w.org\/{rel}","templated":true}]}}