{"id":730,"date":"2019-05-29T21:54:47","date_gmt":"2019-05-29T19:54:47","guid":{"rendered":"http:\/\/avivo-ch.ch\/?page_id=730"},"modified":"2019-08-01T12:35:38","modified_gmt":"2019-08-01T10:35:38","slug":"unsere-positionen","status":"publish","type":"page","link":"https:\/\/avivo-ch.ch\/fr\/unsere-positionen\/","title":{"rendered":"Nos positions"},"content":{"rendered":"<p><span style=\"color: #3366ff;\"><strong>POUR LES RETRAIT\u00c9S COMME POUR LES G\u00c9N\u00c9RATIONS FUTURES, L&rsquo;AVIVO VEUT DES RETRAITES S\u00dbRES<\/strong><\/span><\/p>\n<p><strong>L\u2019AVIVO<\/strong><\/p>\n<ul>\n<li><strong>Exige le respect de l\u2019article 112, al 2, litt b de la Constitution f\u00e9d\u00e9rale qui \u00e9voque \u00abla couverture des besoins vitaux\u00bb par l\u2019AVS.<\/strong><\/li>\n<li><strong>Demande d\u2019\u00e9largir l\u2019assiette des cotisations AVS en pr\u00e9levant des cotisations sur TOUS les revenus, donc pas seulement sur ceux des salari\u00e9s et des ind\u00e9pendants mais aussi sur les gains financiers, les bonus et autres avantages accord\u00e9s par les employeurs et qui sont actuellement exempt\u00e9s.<\/strong><\/li>\n<li><strong>Soutient l\u2019augmentation de la participation de la Conf\u00e9d\u00e9ration au co\u00fbt de l\u2019AVS.<\/strong><\/li>\n<li><strong>Affirme que l\u2019AVS doit \u00eatre prioritaire dans le d\u00e9veloppement de la pr\u00e9voyance vieillesse et de son financement car son syst\u00e8me par r\u00e9partition est plus s\u00fbr, plus efficace et social que celui par capitalisation du 2e pilier, qui est celui de la pr\u00e9voyance professionnelle.<\/strong><\/li>\n<li><strong>Refuse une augmentation de la TVA, taxe antisociale, pour le financement de l\u2019AVS.<\/strong><\/li>\n<li><strong>Propose des mesures pr\u00e9cises et contraignantes pour la r\u00e9duction des frais administratifs exorbitants dans la gestion des capitaux LPP de la pr\u00e9voyance professionnelle (plus de 900 milliards de francs) (*) et la r\u00e9vision du calcul de la legal quote (**) (qui est calcul\u00e9e sur le chiffre d\u2019affaires et non pas sur le b\u00e9n\u00e9fice pour les assurances vie).<\/strong><\/li>\n<li><strong>Propose enfin, tout en maintenant les droits acquis, de faire glisser progressivement la partie obligatoire du 2e pilier dans le premier, l\u2019AVS, qui est bien plus s\u00fbre et solidaire.<\/strong><\/li>\n<\/ul>\n<p><strong>En la p\u00e9riode actuelle de turbulences touchant les assurances sociales et les retraites, plus que jamais l\u2019AVIVO continue et continuera \u00e0 manifester, \u00e0 proposer et \u00e0 d\u00e9fendre fermement la solidarit\u00e9 entre les g\u00e9n\u00e9rations, pour un pacte social de la naissance \u00e0 la mort.<\/strong><\/p>\n<hr \/>\n<p>(*) Capitaux LPP: En 2017 la fortune totale des 1643 caisses de pensions s\u2019\u00e9levait \u00e0 894,3 milliards de francs. Source: Office f\u00e9d\u00e9ral de la statistique: Statistique des caisses de pension 2017 (du 17 d\u00e9cembre 2018).<\/p>\n<p>(**) Legal quote: Terme anglais concernant le m\u00e9canisme de la quote part obligatoire des exc\u00e9dents qui sont r\u00e9troc\u00e9d\u00e9s aux assur\u00e9s et aux institutions de pr\u00e9voyance du 2e pilier.<\/p>\n","protected":false},"excerpt":{"rendered":"<p>POUR LES RETRAIT\u00c9S COMME POUR LES G\u00c9N\u00c9RATIONS FUTURES, L&rsquo;AVIVO VEUT DES RETRAITES S\u00dbRES L\u2019AVIVO Exige le respect de l\u2019article 112, al 2, litt b de la Constitution f\u00e9d\u00e9rale qui \u00e9voque \u00abla couverture des besoins vitaux\u00bb par l\u2019AVS. Demande d\u2019\u00e9largir l\u2019assiette des cotisations AVS en pr\u00e9levant des cotisations sur TOUS les revenus, donc pas seulement sur &hellip; <a href=\"https:\/\/avivo-ch.ch\/fr\/unsere-positionen\/\" class=\"more-link\">Continuer la lecture de <span class=\"screen-reader-text\">Nos positions<\/span> <span class=\"meta-nav\">&rarr;<\/span><\/a><\/p>\n","protected":false},"author":3,"featured_media":0,"parent":0,"menu_order":0,"comment_status":"closed","ping_status":"closed","template":"","meta":{"inline_featured_image":false,"footnotes":""},"class_list":["post-730","page","type-page","status-publish","hentry"],"translation":{"provider":"WPGlobus","version":"2.12.2","language":"fr","enabled_languages":["de","fr","it"],"languages":{"de":{"title":true,"content":true,"excerpt":false},"fr":{"title":true,"content":true,"excerpt":false},"it":{"title":true,"content":true,"excerpt":false}}},"jetpack_sharing_enabled":true,"_links":{"self":[{"href":"https:\/\/avivo-ch.ch\/fr\/wp-json\/wp\/v2\/pages\/730","targetHints":{"allow":["GET"]}}],"collection":[{"href":"https:\/\/avivo-ch.ch\/fr\/wp-json\/wp\/v2\/pages"}],"about":[{"href":"https:\/\/avivo-ch.ch\/fr\/wp-json\/wp\/v2\/types\/page"}],"author":[{"embeddable":true,"href":"https:\/\/avivo-ch.ch\/fr\/wp-json\/wp\/v2\/users\/3"}],"replies":[{"embeddable":true,"href":"https:\/\/avivo-ch.ch\/fr\/wp-json\/wp\/v2\/comments?post=730"}],"version-history":[{"count":13,"href":"https:\/\/avivo-ch.ch\/fr\/wp-json\/wp\/v2\/pages\/730\/revisions"}],"predecessor-version":[{"id":1573,"href":"https:\/\/avivo-ch.ch\/fr\/wp-json\/wp\/v2\/pages\/730\/revisions\/1573"}],"wp:attachment":[{"href":"https:\/\/avivo-ch.ch\/fr\/wp-json\/wp\/v2\/media?parent=730"}],"curies":[{"name":"wp","href":"https:\/\/api.w.org\/{rel}","templated":true}]}}