{"id":69,"date":"2016-05-15T09:03:27","date_gmt":"2016-05-15T07:03:27","guid":{"rendered":"http:\/\/avivo-ch.ch\/?page_id=69"},"modified":"2018-07-11T12:56:36","modified_gmt":"2018-07-11T10:56:36","slug":"ueber-uns","status":"publish","type":"page","link":"https:\/\/avivo-ch.ch\/fr\/ueber-uns\/","title":{"rendered":"Pr\u00e9sentation"},"content":{"rendered":"<p>En 1943, une p\u00e9tition recueillit en Suisse 180 000 signatures. Elle demandait la cr\u00e9ation d\u2019une rente pour les Veuves, Invalides, Vieillards et Orphelins d\u00e9pourvus jusqu\u2019alors de tout droit \u00e0 une telle aide. Cela conduisit non seulement \u00e0 la naissance de l\u2019AVS mais aussi \u00e0 la constitution de l\u2019 AVIVO ( Association des Vieillards, Invalides, Veuves et Orphelins) en Suisse. Avec la cr\u00e9ation de la section genevoise, l\u2019AVIVO naquit officiellement en 1948 sous la houlette de Roger Dafflon qui fut maire de Gen\u00e8ve et pr\u00e9sident de l\u2019AVIVO suisse jusqu\u2019en 1993. Elle s\u2019est fait conna\u00eetre par ses prises de position inlassables en faveur de la solidarit\u00e9 sociale et elle apporte quotidiennement son aide \u00e0 des milliers de personnes modestes, \u00e2g\u00e9es ou non, aux locataires et aux contribuables, gr\u00e2ce \u00e0 ses services sociaux et juridiques. Elle encourage \u00e9galement des activit\u00e9s et des loisirs favorisant le contact entre les retrait\u00e9s et un b\u00e9n\u00e9volat actif et dynamique<\/p>\n<p><a href=\"\/fr\/avivo-ch.ch\/statuten\/\">Afficher nos statuts<\/a><br \/>\n<a href=\"http:\/\/avivo-ch.ch\/wp-content\/uploads\/2018\/05\/Statuts-AVIVO-ch.pdf\" target=\"_blank\" rel=\"noopener noreferrer\">T\u00e9l\u00e9charger les statuts en format PDF<\/a><\/p>\n","protected":false},"excerpt":{"rendered":"<p>En 1943, une p\u00e9tition recueillit en Suisse 180 000 signatures. Elle demandait la cr\u00e9ation d\u2019une rente pour les Veuves, Invalides, Vieillards et Orphelins d\u00e9pourvus jusqu\u2019alors de tout droit \u00e0 une telle aide. Cela conduisit non seulement \u00e0 la naissance de l\u2019AVS mais aussi \u00e0 la constitution de l\u2019 AVIVO ( Association des Vieillards, Invalides, Veuves &hellip; <a href=\"https:\/\/avivo-ch.ch\/fr\/ueber-uns\/\" class=\"more-link\">Continuer la lecture de <span class=\"screen-reader-text\">Pr\u00e9sentation<\/span> <span class=\"meta-nav\">&rarr;<\/span><\/a><\/p>\n","protected":false},"author":1,"featured_media":0,"parent":0,"menu_order":0,"comment_status":"closed","ping_status":"closed","template":"","meta":{"inline_featured_image":false,"footnotes":""},"class_list":["post-69","page","type-page","status-publish","hentry"],"translation":{"provider":"WPGlobus","version":"2.12.2","language":"fr","enabled_languages":["de","fr","it"],"languages":{"de":{"title":true,"content":true,"excerpt":false},"fr":{"title":true,"content":true,"excerpt":false},"it":{"title":true,"content":true,"excerpt":false}}},"jetpack_sharing_enabled":true,"_links":{"self":[{"href":"https:\/\/avivo-ch.ch\/fr\/wp-json\/wp\/v2\/pages\/69","targetHints":{"allow":["GET"]}}],"collection":[{"href":"https:\/\/avivo-ch.ch\/fr\/wp-json\/wp\/v2\/pages"}],"about":[{"href":"https:\/\/avivo-ch.ch\/fr\/wp-json\/wp\/v2\/types\/page"}],"author":[{"embeddable":true,"href":"https:\/\/avivo-ch.ch\/fr\/wp-json\/wp\/v2\/users\/1"}],"replies":[{"embeddable":true,"href":"https:\/\/avivo-ch.ch\/fr\/wp-json\/wp\/v2\/comments?post=69"}],"version-history":[{"count":28,"href":"https:\/\/avivo-ch.ch\/fr\/wp-json\/wp\/v2\/pages\/69\/revisions"}],"predecessor-version":[{"id":1414,"href":"https:\/\/avivo-ch.ch\/fr\/wp-json\/wp\/v2\/pages\/69\/revisions\/1414"}],"wp:attachment":[{"href":"https:\/\/avivo-ch.ch\/fr\/wp-json\/wp\/v2\/media?parent=69"}],"curies":[{"name":"wp","href":"https:\/\/api.w.org\/{rel}","templated":true}]}}