{"id":375,"date":"2018-05-21T11:55:48","date_gmt":"2018-05-21T09:55:48","guid":{"rendered":"http:\/\/avivo-ch.ch\/?page_id=375"},"modified":"2018-06-01T10:26:54","modified_gmt":"2018-06-01T08:26:54","slug":"delegierten-versammlung-biel-2018","status":"publish","type":"page","link":"https:\/\/avivo-ch.ch\/fr\/delegierten-versammlung-biel-2018\/","title":{"rendered":"Assembl\u00e9e des d\u00e9l\u00e9gu\u00e9s, Bienne, 2018"},"content":{"rendered":"<p><a href=\"http:\/\/avivo-ch.ch\/wp-content\/uploads\/2018\/05\/AVIVO-CH-r\u00e9solution-Bienne-2018.pdf\" target=\"_blank\" rel=\"noopener noreferrer\">R\u00e9solution AVS, adopt\u00e9e lors de l&rsquo;Assembl\u00e9e<\/a><\/p>\n<p><a href=\"http:\/\/avivo-ch.ch\/wp-content\/uploads\/2018\/05\/IMG_2508.jpg\"><img loading=\"lazy\" decoding=\"async\" class=\"alignnone size-medium wp-image-371\" src=\"http:\/\/avivo-ch.ch\/wp-content\/uploads\/2018\/05\/IMG_2508-300x225.jpg\" alt=\"\" width=\"300\" height=\"225\" srcset=\"https:\/\/avivo-ch.ch\/wp-content\/uploads\/2018\/05\/IMG_2508-300x225.jpg 300w, https:\/\/avivo-ch.ch\/wp-content\/uploads\/2018\/05\/IMG_2508-768x576.jpg 768w, https:\/\/avivo-ch.ch\/wp-content\/uploads\/2018\/05\/IMG_2508-1024x768.jpg 1024w\" sizes=\"auto, (max-width: 300px) 100vw, 300px\" \/><\/a><\/p>\n<p><a href=\"http:\/\/avivo-ch.ch\/wp-content\/uploads\/2018\/05\/IMG_2502.jpg\"><img loading=\"lazy\" decoding=\"async\" class=\"alignnone size-medium wp-image-370\" src=\"http:\/\/avivo-ch.ch\/wp-content\/uploads\/2018\/05\/IMG_2502-300x225.jpg\" alt=\"\" width=\"300\" height=\"225\" srcset=\"https:\/\/avivo-ch.ch\/wp-content\/uploads\/2018\/05\/IMG_2502-300x225.jpg 300w, https:\/\/avivo-ch.ch\/wp-content\/uploads\/2018\/05\/IMG_2502-768x576.jpg 768w, https:\/\/avivo-ch.ch\/wp-content\/uploads\/2018\/05\/IMG_2502-1024x768.jpg 1024w\" sizes=\"auto, (max-width: 300px) 100vw, 300px\" \/><\/a><\/p>\n<p><a href=\"http:\/\/avivo-ch.ch\/wp-content\/uploads\/2018\/05\/IMG_2498.jpg\"><img loading=\"lazy\" decoding=\"async\" class=\"alignnone size-medium wp-image-369\" src=\"http:\/\/avivo-ch.ch\/wp-content\/uploads\/2018\/05\/IMG_2498-300x225.jpg\" alt=\"\" width=\"300\" height=\"225\" srcset=\"https:\/\/avivo-ch.ch\/wp-content\/uploads\/2018\/05\/IMG_2498-300x225.jpg 300w, https:\/\/avivo-ch.ch\/wp-content\/uploads\/2018\/05\/IMG_2498-768x576.jpg 768w, https:\/\/avivo-ch.ch\/wp-content\/uploads\/2018\/05\/IMG_2498-1024x768.jpg 1024w\" sizes=\"auto, (max-width: 300px) 100vw, 300px\" \/><\/a><\/p>\n<p><a href=\"http:\/\/avivo-ch.ch\/wp-content\/uploads\/2018\/05\/IMG_2494-2.jpg\"><img loading=\"lazy\" decoding=\"async\" class=\"alignnone size-medium wp-image-368\" src=\"http:\/\/avivo-ch.ch\/wp-content\/uploads\/2018\/05\/IMG_2494-2-300x204.jpg\" alt=\"\" width=\"300\" height=\"204\" srcset=\"https:\/\/avivo-ch.ch\/wp-content\/uploads\/2018\/05\/IMG_2494-2-300x204.jpg 300w, https:\/\/avivo-ch.ch\/wp-content\/uploads\/2018\/05\/IMG_2494-2-768x522.jpg 768w, https:\/\/avivo-ch.ch\/wp-content\/uploads\/2018\/05\/IMG_2494-2-1024x696.jpg 1024w\" sizes=\"auto, (max-width: 300px) 100vw, 300px\" \/><\/a><\/p>\n","protected":false},"excerpt":{"rendered":"<p>R\u00e9solution AVS, adopt\u00e9e lors de l&rsquo;Assembl\u00e9e<\/p>\n","protected":false},"author":3,"featured_media":0,"parent":0,"menu_order":0,"comment_status":"closed","ping_status":"closed","template":"","meta":{"inline_featured_image":false,"footnotes":""},"class_list":["post-375","page","type-page","status-publish","hentry"],"translation":{"provider":"WPGlobus","version":"2.12.2","language":"fr","enabled_languages":["de","fr","it"],"languages":{"de":{"title":true,"content":true,"excerpt":false},"fr":{"title":true,"content":true,"excerpt":false},"it":{"title":true,"content":true,"excerpt":false}}},"jetpack_sharing_enabled":true,"_links":{"self":[{"href":"https:\/\/avivo-ch.ch\/fr\/wp-json\/wp\/v2\/pages\/375","targetHints":{"allow":["GET"]}}],"collection":[{"href":"https:\/\/avivo-ch.ch\/fr\/wp-json\/wp\/v2\/pages"}],"about":[{"href":"https:\/\/avivo-ch.ch\/fr\/wp-json\/wp\/v2\/types\/page"}],"author":[{"embeddable":true,"href":"https:\/\/avivo-ch.ch\/fr\/wp-json\/wp\/v2\/users\/3"}],"replies":[{"embeddable":true,"href":"https:\/\/avivo-ch.ch\/fr\/wp-json\/wp\/v2\/comments?post=375"}],"version-history":[{"count":8,"href":"https:\/\/avivo-ch.ch\/fr\/wp-json\/wp\/v2\/pages\/375\/revisions"}],"predecessor-version":[{"id":1554,"href":"https:\/\/avivo-ch.ch\/fr\/wp-json\/wp\/v2\/pages\/375\/revisions\/1554"}],"wp:attachment":[{"href":"https:\/\/avivo-ch.ch\/fr\/wp-json\/wp\/v2\/media?parent=375"}],"curies":[{"name":"wp","href":"https:\/\/api.w.org\/{rel}","templated":true}]}}