{"id":372,"date":"2018-05-21T11:54:12","date_gmt":"2018-05-21T09:54:12","guid":{"rendered":"http:\/\/avivo-ch.ch\/?page_id=372"},"modified":"2025-01-20T21:18:31","modified_gmt":"2025-01-20T20:18:31","slug":"ereignisse","status":"publish","type":"page","link":"https:\/\/avivo-ch.ch\/fr\/ereignisse\/","title":{"rendered":"Actualit\u00e9s"},"content":{"rendered":"<p><span style=\"color: #ff0000;\"><strong><a style=\"color: #ff0000;\" href=\"https:\/\/avivo-ch.ch\/wp-content\/uploads\/2025\/01\/AVIVO-Suisse-Non-a-la-surtaxe-des-seniors.pdf\" target=\"_blank\" rel=\"noopener\">Non \u00e0 la surtaxe des seniors &#8211; Non \u00e0 la proposition Nantermod !<\/a><\/strong><\/span><\/p>\n<p><a href=\"https:\/\/www.admin.ch\/gov\/fr\/accueil\/documentation\/communiques.msg-id-102179.html\" target=\"_blank\" rel=\"noopener noreferrer\">Panorama de la soci\u00e9t\u00e9 suisse: Vieillesse et vieillissement dans la soci\u00e9t\u00e9 contemporaine<\/a><\/p>\n<p><a href=\"https:\/\/avivo-ch.ch\/wp-content\/uploads\/2022\/12\/photos_Berne_14_decembre_2022.pdf\" target=\"_blank\" rel=\"noopener noreferrer\">Quelques photos Manifestation Berne, 14.12.2022 (Photos: Lukas Lehmann, Berne)<\/a><\/p>\n<p><a href=\"https:\/\/avivo-ch.ch\/fr\/delegierten-versammlung-delemont-2020-2\/\">Assembl\u00e9e g\u00e9n\u00e9rale des d\u00e9l\u00e9gu\u00e9s, Del\u00e9mont, 2020<\/a><\/p>\n<p><a href=\"https:\/\/avivo-ch.ch\/fr\/70-jubilaum-der-avivo-schweiz\/\" target=\"_blank\" rel=\"noopener noreferrer\">70 ans d&rsquo;AVIVO Suisse<\/a><\/p>\n<p><a href=\"https:\/\/avivo-ch.ch\/fr\/70-jahr-jubilaum-der-avivo-basel\/\" target=\"_blank\" rel=\"noopener noreferrer\">70 ans d&rsquo;AVIVO B\u00e2le<\/a><\/p>\n<p><a href=\"https:\/\/avivo-ch.ch\/fr\/delegierten-versammlung-sitten-2019\/\" target=\"_blank\" rel=\"noopener noreferrer\">Assembl\u00e9e g\u00e9n\u00e9rale des d\u00e9l\u00e9gu\u00e9s, Sion, 2019<\/a><\/p>\n<p><a href=\"https:\/\/avivo-ch.ch\/fr\/delegierten-versammlung-biel-2018\/\" target=\"_blank\" rel=\"noopener noreferrer\">Assembl\u00e9e g\u00e9n\u00e9rale des d\u00e9l\u00e9gu\u00e9s, Bienne, 2018<\/a><\/p>\n<p><a href=\"https:\/\/avivo-ch.ch\/fr\/avivo-jura-60-e\/\" target=\"_blank\" rel=\"noopener noreferrer\">Quelques photos de la f\u00eate des 60 ans de l&rsquo;AVIVO Jura<\/a><\/p>\n","protected":false},"excerpt":{"rendered":"<p>Non \u00e0 la surtaxe des seniors &#8211; Non \u00e0 la proposition Nantermod ! Panorama de la soci\u00e9t\u00e9 suisse: Vieillesse et vieillissement dans la soci\u00e9t\u00e9 contemporaine Quelques photos Manifestation Berne, 14.12.2022 (Photos: Lukas Lehmann, Berne) Assembl\u00e9e g\u00e9n\u00e9rale des d\u00e9l\u00e9gu\u00e9s, Del\u00e9mont, 2020 70 ans d&rsquo;AVIVO Suisse 70 ans d&rsquo;AVIVO B\u00e2le Assembl\u00e9e g\u00e9n\u00e9rale des d\u00e9l\u00e9gu\u00e9s, Sion, 2019 Assembl\u00e9e &hellip; <a href=\"https:\/\/avivo-ch.ch\/fr\/ereignisse\/\" class=\"more-link\">Continuer la lecture de <span class=\"screen-reader-text\">Actualit\u00e9s<\/span> <span class=\"meta-nav\">&rarr;<\/span><\/a><\/p>\n","protected":false},"author":3,"featured_media":0,"parent":0,"menu_order":0,"comment_status":"closed","ping_status":"closed","template":"","meta":{"inline_featured_image":false,"footnotes":""},"class_list":["post-372","page","type-page","status-publish","hentry"],"translation":{"provider":"WPGlobus","version":"2.12.2","language":"fr","enabled_languages":["de","fr","it"],"languages":{"de":{"title":true,"content":true,"excerpt":false},"fr":{"title":true,"content":true,"excerpt":false},"it":{"title":true,"content":true,"excerpt":false}}},"jetpack_sharing_enabled":true,"_links":{"self":[{"href":"https:\/\/avivo-ch.ch\/fr\/wp-json\/wp\/v2\/pages\/372","targetHints":{"allow":["GET"]}}],"collection":[{"href":"https:\/\/avivo-ch.ch\/fr\/wp-json\/wp\/v2\/pages"}],"about":[{"href":"https:\/\/avivo-ch.ch\/fr\/wp-json\/wp\/v2\/types\/page"}],"author":[{"embeddable":true,"href":"https:\/\/avivo-ch.ch\/fr\/wp-json\/wp\/v2\/users\/3"}],"replies":[{"embeddable":true,"href":"https:\/\/avivo-ch.ch\/fr\/wp-json\/wp\/v2\/comments?post=372"}],"version-history":[{"count":30,"href":"https:\/\/avivo-ch.ch\/fr\/wp-json\/wp\/v2\/pages\/372\/revisions"}],"predecessor-version":[{"id":1959,"href":"https:\/\/avivo-ch.ch\/fr\/wp-json\/wp\/v2\/pages\/372\/revisions\/1959"}],"wp:attachment":[{"href":"https:\/\/avivo-ch.ch\/fr\/wp-json\/wp\/v2\/media?parent=372"}],"curies":[{"name":"wp","href":"https:\/\/api.w.org\/{rel}","templated":true}]}}