{"id":27,"date":"2016-05-14T19:30:15","date_gmt":"2016-05-14T17:30:15","guid":{"rendered":"http:\/\/avivo-ch.ch\/?page_id=27"},"modified":"2025-09-16T18:42:51","modified_gmt":"2025-09-16T16:42:51","slug":"presse","status":"publish","type":"page","link":"https:\/\/avivo-ch.ch\/fr\/presse\/","title":{"rendered":"Communiqu\u00e9s de presse"},"content":{"rendered":"<p><span style=\"color: #ff0000;\"><strong><a style=\"color: #ff0000;\" href=\"https:\/\/avivo-ch.ch\/wp-content\/uploads\/2025\/09\/AVIVO-Suisse-CP-votations-28.09.pdf\" target=\"_blank\" rel=\"noopener\">Communiqu\u00e9 de presse &#8211; Recommandations de l&rsquo;AVIVO en vue des votations f\u00e9d\u00e9rales du 28 septembre 2025<\/a><\/strong><\/span><\/p>\n<p><a style=\"color: #ff0000;\" href=\"https:\/\/avivo-ch.ch\/wp-content\/uploads\/2025\/06\/AVIVO-Suisse-F-D-CP-assemblee-delegues-04.06.2025.pdf\" target=\"_blank\" rel=\"noopener\">Communiqu\u00e9 de presse &#8211; Assembl\u00e9e des d\u00e9l\u00e9gu\u00e9.e.s 2025 \u00e0 Gen\u00e8ve<\/a><\/p>\n<p><a href=\"https:\/\/avivo-ch.ch\/wp-content\/uploads\/2025\/01\/AVIVO-Suisse-CP-hausse-franchise-20.01.2025-F.pdf\" target=\"_blank\" rel=\"noopener\">Assurance maladie: Non \u00e0 la hausse de la franchise minimale !<\/a><\/p>\n<p><a href=\"https:\/\/avivo-ch.ch\/wp-content\/uploads\/2025\/01\/AVIVO-Suisse-Non-a-la-surtaxe-des-seniors.pdf\" target=\"_blank\" rel=\"noopener\">Non \u00e0 la surtaxe des seniors &#8211; Non \u00e0 la proposition Nantermod !<\/a><\/p>\n<p><a href=\"https:\/\/avivo-ch.ch\/wp-content\/uploads\/2024\/09\/AVIVO_CH-Communique_vote_LPP.pdf\" target=\"_blank\" rel=\"noopener\">Vote sur la r\u00e9forme de la LPP : Pas de tromperie avec le deuxi\u00e8me pilier ! Stop au \u00ab vol de rente \u00bb !<\/a><\/p>\n<p><a href=\"https:\/\/avivo-ch.ch\/wp-content\/uploads\/2024\/08\/AVIVO_CH-Communique_CP_LPP.pdf\" target=\"_blank\" rel=\"noopener\">Conf\u00e9rence de presse, Berne, 22.08.24: NON \u00e0 la r\u00e9forme de la LPP le 22 septembre !<\/a><\/p>\n<p><a href=\"https:\/\/avivo-ch.ch\/wp-content\/uploads\/2024\/08\/AVIVO_CH-Communique_AVS.pdf\" target=\"_blank\" rel=\"noopener\">Chiffres erron\u00e9s de l&rsquo;OFAS: d\u00e9plorable, voire scandaleux! (06.08.2024)<\/a><\/p>\n<p><a href=\"https:\/\/avivo-ch.ch\/wp-content\/uploads\/2024\/06\/AVIVO-CH-CP-11-06-2024.pdf\" target=\"_blank\" rel=\"noopener\">NON \u00e0 la suppression de bureaux de poste! (11.06.2024)<\/a><\/p>\n<p><a href=\"https:\/\/avivo-ch.ch\/wp-content\/uploads\/2024\/06\/AVIVO-CH-CP-09-06-2024.pdf\" target=\"_blank\" rel=\"noopener\">Communiqu\u00e9 votations sur les primes d&rsquo;assurance maladie, 09.06.2024<\/a><\/p>\n<p><a href=\"https:\/\/avivo-ch.ch\/wp-content\/uploads\/2024\/04\/AVIVO-CH-CP-AG-Zurich-22-04-2024.pdf\" target=\"_blank\" rel=\"noopener\">Communiqu\u00e9 de l&rsquo;assembl\u00e9e des d\u00e9l\u00e9gu\u00e9s, Zurich, 22.04.2024<\/a><\/p>\n<p><a href=\"https:\/\/avivo-ch.ch\/wp-content\/uploads\/2024\/03\/AVIVO-CH-Communique-de-presse-rentes-veufs-et-veuves29-03-2024.pdf\" target=\"_blank\" rel=\"noopener\">NON \u00e0 la suppression des rentes de veuves! (R\u00e9ponse de l&rsquo;AVIVO \u00e0 la consultation f\u00e9d\u00e9rale) , 29 mars 2024<\/a><\/p>\n<p><a href=\"https:\/\/avivo-ch.ch\/wp-content\/uploads\/2024\/03\/AVIVO-CH-Communique-de-presse-3-mars-2024.pdf\" target=\"_blank\" rel=\"noopener\">Scrutin sur la 13e rente AVS : une victoire historique pour les retrait\u00e9s! , 3 mars 2024<\/a><\/p>\n<p><a href=\"https:\/\/avivo-ch.ch\/wp-content\/uploads\/2024\/02\/AVIVO-CH-communique-13eme-rente-AVS-23.01.24.pdf\" target=\"_blank\" rel=\"noopener\">OUI \u00e0 la 13e rente AVS !!, 23 janvier 2024<\/a><\/p>\n<p><a href=\"https:\/\/avivo-ch.ch\/wp-content\/uploads\/2023\/04\/AVIVO-CH-communique-finances-23.pdf\" target=\"_blank\" rel=\"noopener noreferrer\">Finances f\u00e9d\u00e9rales : Stop aux mesures d\u2019ajustement sur les plus faibles ! &#8211; mars 2023<\/a><\/p>\n<p><a href=\"https:\/\/avivo-ch.ch\/wp-content\/uploads\/2023\/03\/AVIVO-CH-communique\u0301-soutien-referendums-AVS-17-03-2023.pdf\" target=\"_blank\" rel=\"noopener noreferrer\">Ras le vol! Et que vivent les r\u00e9f\u00e9rendums! &#8211; mars 2023<\/a><\/p>\n<p><a href=\"https:\/\/avivo-ch.ch\/wp-content\/uploads\/2022\/02\/AVIVO-CH-communique\u0301-Covid-abandon-des-mesures.pdf\" target=\"_blank\" rel=\"noopener noreferrer\">Abandon des mesures Covid: Le Conseil f\u00e9d\u00e9ral passe du \u00ab stemm \u00bb au \u00ab schuss \u00bb, attention aux d\u00e9g\u00e2ts, f\u00e9vrier 2022<\/a><\/p>\n<p><a href=\"https:\/\/avivo-ch.ch\/wp-content\/uploads\/2021\/06\/AVIVO-CH-communique\u0301-AVS21.pdf\" target=\"_blank\" rel=\"noopener noreferrer\">AVS21: Parodie d\u2019\u00e9galit\u00e9 et camouflet pour les femmes, juin 2021<\/a><\/p>\n<p><a href=\"https:\/\/avivo-ch.ch\/wp-content\/uploads\/2020\/07\/AVIVO-CH-communiqu\u00e9-Covid-D-F-07-2000.pdf\" target=\"_blank\" rel=\"noopener noreferrer\">Covid-19: Apr\u00e8s la premi\u00e8re vague et avant la deuxi\u00e8me vague, juillet 2020<\/a><\/p>\n<p><a href=\"https:\/\/avivo-ch.ch\/wp-content\/uploads\/2020\/04\/AVIVO-CH-communique\u0301-a\u0302ge-et-tri-ASSM.pdf\" target=\"_blank\" rel=\"noopener noreferrer\">Covid-19: Tri des patients et p\u00e9nurie de ressources, avril 2020<\/a><\/p>\n<p><a href=\"http:\/\/avivo-ch.ch\/wp-content\/uploads\/2019\/07\/AVIVO-CH-communique\u0301-LPP-projet-03-07-2019.pdf\" target=\"_blank\" rel=\"noopener noreferrer\">Requinquer la LPP gr\u00e2ce \u00e0 l\u2019excellent syst\u00e8me par r\u00e9partition de l\u2019AVS, juillet 2019<\/a><\/p>\n<p><a href=\"http:\/\/avivo-ch.ch\/wp-content\/uploads\/2019\/06\/AVIVO-CH-Communique-15-05-2019.pdf\" target=\"_blank\" rel=\"noopener noreferrer\">NON \u00e0 l\u2019augmentation du prix des transports publics, mai 2019<\/a><\/p>\n<p><a href=\"http:\/\/avivo-ch.ch\/wp-content\/uploads\/2019\/05\/AVIVO-CH-Communique-16-05-2019.pdf\" target=\"_blank\" rel=\"noopener noreferrer\">NON \u00e0 la baisse du taux de conversion LPP, mai 2019<\/a><\/p>\n<p><a href=\"http:\/\/avivo-ch.ch\/wp-content\/uploads\/2019\/03\/AVIVO-CH-Communique-04-03-2019.pdf\" target=\"_blank\" rel=\"noopener noreferrer\">Path\u00e9tique d\u00e9cision d\u2019augmenter la franchise LAMal, mars 2019<\/a><\/p>\n<p><a href=\"http:\/\/avivo-ch.ch\/wp-content\/uploads\/2018\/12\/AVIVO-CH-Communique-28-11-2018.pdf\" target=\"_blank\" rel=\"noopener noreferrer\">NON \u00e0 l&rsquo;augmentation des franchises LAMal, novembre 2018<\/a><\/p>\n<p><a href=\"http:\/\/avivo-ch.ch\/wp-content\/uploads\/2018\/10\/AVIVO-CH-communique\u0301-vote-nov-2018_.pdf\" target=\"_blank\" rel=\"noopener noreferrer\">Votations du 25 novembre 2018<\/a><\/p>\n<p><a href=\"http:\/\/avivo-ch.ch\/wp-content\/uploads\/2018\/08\/AVIVO-CH-Communique-21-08-2018.pdf\" target=\"_blank\" rel=\"noopener noreferrer\">Votations du 23 septembre 2018<\/a><\/p>\n<p><a href=\"http:\/\/avivo-ch.ch\/wp-content\/uploads\/2018\/05\/AVIVO-CH-communiqu\u00e9-AssMal-avril18.pdf\" target=\"_blank\" rel=\"noopener noreferrer\">Primes d&rsquo;assurance maladie, avril 2018<\/a><\/p>\n<p><a href=\"http:\/\/avivo-ch.ch\/wp-content\/uploads\/2018\/05\/AVIVO-CH-communiqu\u00e9-NoBillag-f\u00e9v2018.pdf\" target=\"_blank\" rel=\"noopener noreferrer\">Non \u00e0 No-Billag, f\u00e9vrier 2018<\/a><\/p>\n<p><a href=\"http:\/\/avivo-ch.ch\/wp-content\/uploads\/2018\/05\/AVIVO-CH-communiqu\u00e9-rentes-d\u00e9c2017.pdf\" target=\"_blank\" rel=\"noopener noreferrer\">Apr\u00e8s le NON \u00e0 PV2020, d\u00e9cembre 2017<\/a><\/p>\n","protected":false},"excerpt":{"rendered":"<p>Communiqu\u00e9 de presse &#8211; Recommandations de l&rsquo;AVIVO en vue des votations f\u00e9d\u00e9rales du 28 septembre 2025 Communiqu\u00e9 de presse &#8211; Assembl\u00e9e des d\u00e9l\u00e9gu\u00e9.e.s 2025 \u00e0 Gen\u00e8ve Assurance maladie: Non \u00e0 la hausse de la franchise minimale ! Non \u00e0 la surtaxe des seniors &#8211; Non \u00e0 la proposition Nantermod ! Vote sur la r\u00e9forme de &hellip; <a href=\"https:\/\/avivo-ch.ch\/fr\/presse\/\" class=\"more-link\">Continuer la lecture de <span class=\"screen-reader-text\">Communiqu\u00e9s de presse<\/span> <span class=\"meta-nav\">&rarr;<\/span><\/a><\/p>\n","protected":false},"author":1,"featured_media":0,"parent":0,"menu_order":0,"comment_status":"closed","ping_status":"closed","template":"","meta":{"inline_featured_image":false,"footnotes":""},"class_list":["post-27","page","type-page","status-publish","hentry"],"translation":{"provider":"WPGlobus","version":"2.12.2","language":"fr","enabled_languages":["de","fr","it"],"languages":{"de":{"title":true,"content":true,"excerpt":false},"fr":{"title":true,"content":true,"excerpt":false},"it":{"title":true,"content":true,"excerpt":false}}},"jetpack_sharing_enabled":true,"_links":{"self":[{"href":"https:\/\/avivo-ch.ch\/fr\/wp-json\/wp\/v2\/pages\/27","targetHints":{"allow":["GET"]}}],"collection":[{"href":"https:\/\/avivo-ch.ch\/fr\/wp-json\/wp\/v2\/pages"}],"about":[{"href":"https:\/\/avivo-ch.ch\/fr\/wp-json\/wp\/v2\/types\/page"}],"author":[{"embeddable":true,"href":"https:\/\/avivo-ch.ch\/fr\/wp-json\/wp\/v2\/users\/1"}],"replies":[{"embeddable":true,"href":"https:\/\/avivo-ch.ch\/fr\/wp-json\/wp\/v2\/comments?post=27"}],"version-history":[{"count":122,"href":"https:\/\/avivo-ch.ch\/fr\/wp-json\/wp\/v2\/pages\/27\/revisions"}],"predecessor-version":[{"id":1953,"href":"https:\/\/avivo-ch.ch\/fr\/wp-json\/wp\/v2\/pages\/27\/revisions\/1953"}],"wp:attachment":[{"href":"https:\/\/avivo-ch.ch\/fr\/wp-json\/wp\/v2\/media?parent=27"}],"curies":[{"name":"wp","href":"https:\/\/api.w.org\/{rel}","templated":true}]}}