{"id":2,"date":"2016-05-14T18:31:55","date_gmt":"2016-05-14T18:31:55","guid":{"rendered":"http:\/\/avivo-ch.ch\/?page_id=2"},"modified":"2025-01-26T10:12:52","modified_gmt":"2025-01-26T09:12:52","slug":"about","status":"publish","type":"page","link":"https:\/\/avivo-ch.ch\/fr\/","title":{"rendered":""},"content":{"rendered":"<table>\n<tbody>\n<tr>\n<td>\n<h3 style=\"text-align: center;\"><a href=\"\/ueber-uns\/\">Willkommen <\/a><\/h3>\n<h3 style=\"text-align: center;\"><a href=\"\/ueber-uns\/\"><span style=\"color: #ff0000;\">(DEUTSCH)<\/span><\/a><\/h3>\n<\/td>\n<td>\n<h3 style=\"text-align: center;\"><a href=\"\/fr\/ueber-uns\/\">Bienvenue<\/a><\/h3>\n<h3 style=\"text-align: center;\"><a href=\"\/fr\/ueber-uns\/\"><span style=\"color: #ff0000;\">(FRANCAIS)<\/span><\/a><\/h3>\n<\/td>\n<td>\n<h3 style=\"text-align: center;\"><a href=\"\/it\/ueber-uns\/\">Benvenuti<\/a><\/h3>\n<h3 style=\"text-align: center;\"><a href=\"\/it\/ueber-uns\/\"><span style=\"color: #ff0000;\">(ITALIANO)<\/span><\/a><\/h3>\n<\/td>\n<\/tr>\n<\/tbody>\n<\/table>\n<h5 style=\"text-align: center;\"><a href=\"http:\/\/avivo-ch.ch\/wp-content\/uploads\/2019\/07\/Brochure-70-ans-avivo-fr.pdf\" target=\"_blank\" rel=\"noopener noreferrer\">Brochure <strong><span style=\"color: #ff0000;\"><em>\u00ab\u00a070 ans AVS \/ AVIVO\u00a0\u00bb <\/em><\/span><\/strong> \u00e0 t\u00e9l\u00e9charger<\/a><\/h5>\n<p>__________________________________________________________________<\/p>\n<h3 style=\"text-align: left;\"><strong><span style=\"color: #000000;\">Derni\u00e8res prises de position de l&rsquo;AVIVO:<\/span><\/strong><\/h3>\n<p><span style=\"color: #ff0000;\"><strong><a style=\"color: #ff0000;\" href=\"https:\/\/avivo-ch.ch\/wp-content\/uploads\/2025\/01\/AVIVO-Suisse-CP-hausse-franchise-20.01.2025-F.pdf\" target=\"_blank\" rel=\"noopener\">Assurance maladie: Non \u00e0 la hausse de la franchise minimale !<\/a><\/strong><\/span><\/p>\n<p><span style=\"color: #ff0000;\"><strong><a style=\"color: #ff0000;\" href=\"https:\/\/avivo-ch.ch\/wp-content\/uploads\/2025\/01\/AVIVO-Suisse-Non-a-la-surtaxe-des-seniors.pdf\" target=\"_blank\" rel=\"noopener\">Non \u00e0 la surtaxe des seniors &#8211; Non \u00e0 la proposition Nantermod !<\/a><\/strong><\/span><br \/>\n__________________________________________________________________<\/p>\n<table>\n<tbody>\n<tr>\n<td><img decoding=\"async\" class=\"wp-image-371 aligncenter\" src=\"https:\/\/avivo-ch.ch\/wp-content\/uploads\/2024\/02\/CP-13e-AVS-Neuch.jpg\" width=\"298\" \/><\/td>\n<td><img decoding=\"async\" class=\"wp-image-371 aligncenter\" src=\"https:\/\/avivo-ch.ch\/wp-content\/uploads\/2024\/02\/Manif-Berne-23-02-2024.png\" width=\"298\" \/><\/td>\n<\/tr>\n<tr>\n<td>\n<p style=\"font-size: 12px; text-align: center;\"><strong>23.01.2024: Conf\u00e9rence de presse Berne<\/strong><br \/>\n(Photo: KEYSTONE\/Peter Klaunzer, Copyright: RTN)<\/p>\n<\/td>\n<td>\n<p style=\"font-size: 12px; text-align: center;\"><strong>23.02.2024: 600 personnes manifestent \u00e0 Berne<br \/>\nen faveur de la 13\u00e8me rente AVS<\/strong><\/p>\n<\/td>\n<\/tr>\n<tr>\n<td><img decoding=\"async\" class=\"wp-image-371 aligncenter\" src=\"https:\/\/avivo-ch.ch\/wp-content\/uploads\/2022\/12\/AHV13-9335-scaled.jpg\" width=\"298\" \/><\/td>\n<td><img decoding=\"async\" class=\"wp-image-371 aligncenter\" src=\"https:\/\/avivo-ch.ch\/wp-content\/uploads\/2020\/03\/Initiative-13AHVRente0481large.jpg\" width=\"298\" \/><\/td>\n<\/tr>\n<tr>\n<td>\n<p style=\"font-size: 12px; text-align: center;\">14. d\u00e9cembre 2022, Bern (Photo: Lukas Lehmann, Bern)<\/p>\n<\/td>\n<td>\n<p style=\"font-size: 12px; text-align: center;\">3 mars 2020, Initiative 13\u00e8 rente AVS, Berne (Photo: USS)<\/p>\n<\/td>\n<\/tr>\n<tr>\n<td><img loading=\"lazy\" decoding=\"async\" class=\"wp-image-371 aligncenter\" src=\"https:\/\/avivo-ch.ch\/wp-content\/uploads\/2019\/03\/photo-accueil.png\" width=\"298\" height=\"223\" \/><\/td>\n<td><img loading=\"lazy\" decoding=\"async\" class=\"wp-image-371 aligncenter\" src=\"https:\/\/avivo-ch.ch\/wp-content\/uploads\/2019\/10\/IMG_4036.jpg\" width=\"298\" height=\"223\" \/><\/td>\n<\/tr>\n<tr>\n<td>\n<p style=\"font-size: 12px; text-align: left;\">Sept.2016, Manif AVS+, Berne (Photo: M. Rothenb\u00fchler)<\/p>\n<\/td>\n<td>\n<p style=\"font-size: 12px; text-align: right;\">Sept.2019, Manif clima, Berne (Photo: M. Rothenb\u00fchler)<\/p>\n<\/td>\n<\/tr>\n<\/tbody>\n<\/table>\n","protected":false},"excerpt":{"rendered":"<p>Willkommen (DEUTSCH) Bienvenue (FRANCAIS) Benvenuti (ITALIANO) Brochure \u00ab\u00a070 ans AVS \/ AVIVO\u00a0\u00bb \u00e0 t\u00e9l\u00e9charger __________________________________________________________________ Derni\u00e8res prises de position de l&rsquo;AVIVO: Assurance maladie: Non \u00e0 la hausse de la franchise minimale ! Non \u00e0 la surtaxe des seniors &#8211; Non \u00e0 la proposition Nantermod ! __________________________________________________________________ 23.01.2024: Conf\u00e9rence de presse Berne (Photo: KEYSTONE\/Peter Klaunzer, Copyright: &hellip; <a href=\"https:\/\/avivo-ch.ch\/fr\/\" class=\"more-link\">Continuer la lecture de <span class=\"screen-reader-text\"><\/span> <span class=\"meta-nav\">&rarr;<\/span><\/a><\/p>\n","protected":false},"author":1,"featured_media":0,"parent":0,"menu_order":0,"comment_status":"closed","ping_status":"closed","template":"","meta":{"inline_featured_image":false,"footnotes":""},"class_list":["post-2","page","type-page","status-publish","hentry"],"translation":{"provider":"WPGlobus","version":"2.12.2","language":"fr","enabled_languages":["de","fr","it"],"languages":{"de":{"title":false,"content":true,"excerpt":false},"fr":{"title":false,"content":true,"excerpt":false},"it":{"title":false,"content":true,"excerpt":false}}},"jetpack_sharing_enabled":true,"_links":{"self":[{"href":"https:\/\/avivo-ch.ch\/fr\/wp-json\/wp\/v2\/pages\/2","targetHints":{"allow":["GET"]}}],"collection":[{"href":"https:\/\/avivo-ch.ch\/fr\/wp-json\/wp\/v2\/pages"}],"about":[{"href":"https:\/\/avivo-ch.ch\/fr\/wp-json\/wp\/v2\/types\/page"}],"author":[{"embeddable":true,"href":"https:\/\/avivo-ch.ch\/fr\/wp-json\/wp\/v2\/users\/1"}],"replies":[{"embeddable":true,"href":"https:\/\/avivo-ch.ch\/fr\/wp-json\/wp\/v2\/comments?post=2"}],"version-history":[{"count":134,"href":"https:\/\/avivo-ch.ch\/fr\/wp-json\/wp\/v2\/pages\/2\/revisions"}],"predecessor-version":[{"id":1914,"href":"https:\/\/avivo-ch.ch\/fr\/wp-json\/wp\/v2\/pages\/2\/revisions\/1914"}],"wp:attachment":[{"href":"https:\/\/avivo-ch.ch\/fr\/wp-json\/wp\/v2\/media?parent=2"}],"curies":[{"name":"wp","href":"https:\/\/api.w.org\/{rel}","templated":true}]}}