{"id":1514,"date":"2023-09-23T14:21:50","date_gmt":"2023-09-23T12:21:50","guid":{"rendered":"https:\/\/avivo-ch.ch\/?page_id=1514"},"modified":"2023-09-23T15:09:39","modified_gmt":"2023-09-23T13:09:39","slug":"assemblee-des-delegues-bale-2023","status":"publish","type":"page","link":"https:\/\/avivo-ch.ch\/fr\/assemblee-des-delegues-bale-2023\/","title":{"rendered":"Assembl\u00e9e des d\u00e9l\u00e9gu\u00e9s, B\u00e2le, 2023"},"content":{"rendered":"<p><a href=\"https:\/\/avivo-ch.ch\/wp-content\/uploads\/2023\/09\/AVIVO-CH-rapport-activite-2022-Bale.pdf\" target=\"_blank\" rel=\"noopener noreferrer\">Rapport d&rsquo;activit\u00e9 2022-23 (AG de B\u00e2le)<\/a><\/p>\n<p><a href=\"https:\/\/avivo-ch.ch\/wp-content\/uploads\/2023\/09\/AVIVO-suisse-resolution-1-Bale-2023.pdf\" target=\" rel=\" rel=\"noopener noreferrer\">R\u00e9solution 1 : <b>Stop \u00e0 l\u2019isolement social d\u00fb \u00e0 la fracture num\u00e9rique !<\/b> (B\u00e2le, 2023)<\/a><\/p>\n<p><a href=\"https:\/\/avivo-ch.ch\/wp-content\/uploads\/2023\/09\/AVIVO-suisse-resolution-2-Bale-2023.pdf\" target=\" rel=\" rel=\"noopener noreferrer\">R\u00e9solution 2 : <b>L\u2019assurance maladie doit rester obligatoire !<\/b> (B\u00e2le, 2023)<\/a><\/p>\n","protected":false},"excerpt":{"rendered":"<p>Rapport d&rsquo;activit\u00e9 2022-23 (AG de B\u00e2le) R\u00e9solution 1 : Stop \u00e0 l\u2019isolement social d\u00fb \u00e0 la fracture num\u00e9rique ! (B\u00e2le, 2023) R\u00e9solution 2 : L\u2019assurance maladie doit rester obligatoire ! (B\u00e2le, 2023)<\/p>\n","protected":false},"author":3,"featured_media":0,"parent":0,"menu_order":0,"comment_status":"closed","ping_status":"closed","template":"","meta":{"inline_featured_image":false,"footnotes":""},"class_list":["post-1514","page","type-page","status-publish","hentry"],"translation":{"provider":"WPGlobus","version":"2.12.2","language":"fr","enabled_languages":["de","fr","it"],"languages":{"de":{"title":true,"content":true,"excerpt":false},"fr":{"title":true,"content":true,"excerpt":false},"it":{"title":true,"content":true,"excerpt":false}}},"jetpack_sharing_enabled":true,"_links":{"self":[{"href":"https:\/\/avivo-ch.ch\/fr\/wp-json\/wp\/v2\/pages\/1514","targetHints":{"allow":["GET"]}}],"collection":[{"href":"https:\/\/avivo-ch.ch\/fr\/wp-json\/wp\/v2\/pages"}],"about":[{"href":"https:\/\/avivo-ch.ch\/fr\/wp-json\/wp\/v2\/types\/page"}],"author":[{"embeddable":true,"href":"https:\/\/avivo-ch.ch\/fr\/wp-json\/wp\/v2\/users\/3"}],"replies":[{"embeddable":true,"href":"https:\/\/avivo-ch.ch\/fr\/wp-json\/wp\/v2\/comments?post=1514"}],"version-history":[{"count":20,"href":"https:\/\/avivo-ch.ch\/fr\/wp-json\/wp\/v2\/pages\/1514\/revisions"}],"predecessor-version":[{"id":1722,"href":"https:\/\/avivo-ch.ch\/fr\/wp-json\/wp\/v2\/pages\/1514\/revisions\/1722"}],"wp:attachment":[{"href":"https:\/\/avivo-ch.ch\/fr\/wp-json\/wp\/v2\/media?parent=1514"}],"curies":[{"name":"wp","href":"https:\/\/api.w.org\/{rel}","templated":true}]}}