{"id":13,"date":"2016-05-14T19:01:09","date_gmt":"2016-05-14T17:01:09","guid":{"rendered":"http:\/\/avivo-ch.ch\/?page_id=13"},"modified":"2024-05-15T10:14:00","modified_gmt":"2024-05-15T08:14:00","slug":"sektionen","status":"publish","type":"page","link":"https:\/\/avivo-ch.ch\/fr\/sektionen\/","title":{"rendered":"Sections"},"content":{"rendered":"<style type=\"text\/css\">\n\th1.entry-title{display:none;}<br \/><\/style>\n<ul id=\"kanton-liste\" class=\"fr\">\n<li><a href=\"https:\/\/www.avivo-basel.ch\/\" target=\"_blank\" rel=\"noopener noreferrer\">B\u00e2le<\/a><\/li>\n<li><a href=\"http:\/\/www.avivo-bern.ch\/\" target=\"_blank\" rel=\"noopener noreferrer\">Berne<\/a><\/li>\n<li><a href=\"http:\/\/www.avivo-ge.ch\/\" target=\"_blank\" rel=\"noopener noreferrer\">Gen\u00e8ve<\/a><\/li>\n<li><a href=\"https:\/\/avivointerjura.ch\/\" target=\"_blank\" rel=\"noopener noreferrer\">Jura<\/a><\/li>\n<li><a href=\"http:\/\/www.avivo-ne.ch\/\" target=\"_blank\" rel=\"noopener noreferrer\">Neuch\u00e2tel<\/a><\/li>\n<li><a href=\"http:\/\/www.avivo-vs.ch\/\" target=\"_blank\" rel=\"noopener noreferrer\">Valais<\/a><\/li>\n<li><a href=\"http:\/\/www.avivo-vaud.ch\/\" target=\"_blank\" rel=\"noopener noreferrer\">Vaud<\/a><\/li>\n<li><a href=\"https:\/\/www.avivo-zuerich.ch\/\" target=\"_blank\" rel=\"noopener noreferrer\">Zurich<\/a><\/li>\n<li><a href=\"http:\/\/www.voix-romande-bienne.com\/pages\/societes-membres\/avivo-bienne-1.html\" target=\"_blank\" rel=\"noopener noreferrer\">Bienne_ville<\/a><\/li>\n<li><a href=\"http:\/\/www.avivo-vaud.ch\/sections\/\" target=\"_blank\" rel=\"noopener noreferrer\">Lausanne_ville<\/a><\/li>\n<\/ul>\n<div id=\"carte\" style=\"width: 800px; height: 536px; background: url('http:\/\/avivo-ch.ch\/wp-content\/uploads\/2016\/05\/karte_kantone_der_schweiz_2007_1600.png') no-repeat top left; background-size: 800px; 536px; border: 0px solid blue; margin: 0px auto 30px -102px;\">\n<p><img decoding=\"async\" id=\"schweitz\" style=\"border: 0px none; width: 800px; height: 536px;\" src=\"http:\/\/avivo-ch.ch\/wp-content\/uploads\/2016\/05\/spacer.gif\" alt=\"Suisse\" usemap=\"#Map\" width=\"800\" name=\"region\" \/><\/p>\n<map id=\"Map\" name=\"Map\">\n<area title=\"Avivo Z\u00fcrich\" alt=\"Avivo Z\u00fcrich\" coords=\"467,51,421,95,426,144,439,162,475,176,526,137,497,55\" shape=\"poly\" href=\"http:\/\/www.avivo-zuerich.ch\/\" target=\"_blank\" \/>\n<area title=\"Avivo Basel\" alt=\"Avivo Basel\" coords=\"287,58,311,59,319,80,304,103,280,95,275,72\" shape=\"poly\" href=\"https:\/\/www.avivo-basel.ch\/\" target=\"_blank\" \/>\n<area title=\"Avivo Bern\" alt=\"Avivo Bern\" coords=\"269,201,294,201,305,224,292,244,267,242,256,223\" shape=\"poly\" href=\"http:\/\/www.avivo-bern.ch\/\" target=\"_blank\" \/>\n<area title=\"Avivo Biel\" alt=\"Avivo Biel\" coords=\"226,161,247,161,260,181,247,204,223,204,212,181\" shape=\"poly\" href=\"http:\/\/www.voix-romande-bienne.com\/pages\/societes-membres\/avivo-bienne-1.html\" target=\"_blank\" \/>\n<area title=\"Avivo Jura\" alt=\"Avivo Jura\" coords=\"193,94,229,97,284,126,283,142,224,144,180,179,168,171,176,127\" shape=\"poly\" href=\"https:\/\/avivointerjura.ch\/\" target=\"_blank\" \/>\n<area title=\"Avivo Neuch\u00e2tel\" alt=\" Avivo Neuch\u00e2tel\" coords=\"164,175,177,185,174,194,198,185,212,203,154,245,143,232,101,252,97,230\" shape=\"poly\" href=\"http:\/\/www.avivo-ne.ch\/\" target=\"_blank\" \/>\n<area title=\"Avivo Gen\u00e8ve\" alt=\"Avivo Gen\u00e8ve\" coords=\"48,377,82,389,122,412,119,427,20,424,22,401\" shape=\"poly\" href=\"http:\/\/www.avivo-ge.ch\/\" target=\"_blank\" \/>\n<area title=\"Avivo Valais\" alt=\"Avivo Valais\" coords=\"168,354,202,405,227,387,235,368,365,320,394,329,428,296,439,329,377,391,390,412,330,473,289,457,211,487,161,417,157,366\" shape=\"poly\" href=\"http:\/\/www.avivo-vs.ch\/\" target=\"_blank\" \/>\n<area title=\"Avivo Vaud\" alt=\"Avivo Vaud\" coords=\"201,219,152,252,141,239,101,259,48,312,41,348,53,374,65,375,119,343,168,353,172,350,204,397,233,363,235,318,194,341,169,326,165,298,210,242\" shape=\"poly\" href=\"http:\/\/www.avivo-vaud.ch\/\" target=\"_blank\" \/> <\/map>\n<\/div>\n","protected":false},"excerpt":{"rendered":"<p>B\u00e2le Berne Gen\u00e8ve Jura Neuch\u00e2tel Valais Vaud Zurich Bienne_ville Lausanne_ville<\/p>\n","protected":false},"author":1,"featured_media":0,"parent":0,"menu_order":0,"comment_status":"closed","ping_status":"closed","template":"","meta":{"inline_featured_image":false,"footnotes":""},"class_list":["post-13","page","type-page","status-publish","hentry"],"translation":{"provider":"WPGlobus","version":"2.12.2","language":"fr","enabled_languages":["de","fr","it"],"languages":{"de":{"title":true,"content":true,"excerpt":false},"fr":{"title":true,"content":true,"excerpt":false},"it":{"title":true,"content":true,"excerpt":false}}},"jetpack_sharing_enabled":true,"_links":{"self":[{"href":"https:\/\/avivo-ch.ch\/fr\/wp-json\/wp\/v2\/pages\/13","targetHints":{"allow":["GET"]}}],"collection":[{"href":"https:\/\/avivo-ch.ch\/fr\/wp-json\/wp\/v2\/pages"}],"about":[{"href":"https:\/\/avivo-ch.ch\/fr\/wp-json\/wp\/v2\/types\/page"}],"author":[{"embeddable":true,"href":"https:\/\/avivo-ch.ch\/fr\/wp-json\/wp\/v2\/users\/1"}],"replies":[{"embeddable":true,"href":"https:\/\/avivo-ch.ch\/fr\/wp-json\/wp\/v2\/comments?post=13"}],"version-history":[{"count":83,"href":"https:\/\/avivo-ch.ch\/fr\/wp-json\/wp\/v2\/pages\/13\/revisions"}],"predecessor-version":[{"id":1314,"href":"https:\/\/avivo-ch.ch\/fr\/wp-json\/wp\/v2\/pages\/13\/revisions\/1314"}],"wp:attachment":[{"href":"https:\/\/avivo-ch.ch\/fr\/wp-json\/wp\/v2\/media?parent=13"}],"curies":[{"name":"wp","href":"https:\/\/api.w.org\/{rel}","templated":true}]}}