{"id":129,"date":"2018-05-04T18:34:45","date_gmt":"2018-05-04T16:34:45","guid":{"rendered":"http:\/\/avivo-ch.ch\/?page_id=129"},"modified":"2025-06-07T23:10:20","modified_gmt":"2025-06-07T21:10:20","slug":"rapports-annuels","status":"publish","type":"page","link":"https:\/\/avivo-ch.ch\/fr\/rapports-annuels\/","title":{"rendered":"Rapports\u00a0d&rsquo;activit\u00e9"},"content":{"rendered":"<p><a href=\"https:\/\/avivo-ch.ch\/wp-content\/uploads\/2025\/06\/AVIVO-CH-F-rapport-dactivites-2024-2025.pdf\" target=\"_blank\" rel=\"noopener noreferrer\">Rapport d&rsquo;activit\u00e9 2024-25 (AG de Gen\u00e8ve)<\/a><\/p>\n<p><a href=\"https:\/\/avivo-ch.ch\/wp-content\/uploads\/2024\/04\/AVIVO-CH-rapport-2023-2024-AD-Zuerich-22.04.2024.pdf\" target=\"_blank\" rel=\"noopener noreferrer\">Rapport d&rsquo;activit\u00e9 2023-24 (AG de Zurich)<\/a><\/p>\n<p><a href=\"https:\/\/avivo-ch.ch\/wp-content\/uploads\/2023\/09\/AVIVO-CH-rapport-activite-2022-Bale.pdf\" target=\"_blank\" rel=\"noopener noreferrer\">Rapport d&rsquo;activit\u00e9 2022-23 (AG de B\u00e2le)<\/a><\/p>\n<p><a href=\"https:\/\/avivo-ch.ch\/wp-content\/uploads\/2020\/11\/AVIVO-CH-rapport-activite\u0301-2020-Del\u00e9mont.pdf\" target=\"_blank\" rel=\"noopener noreferrer\">Rapport d&rsquo;activit\u00e9 2019-20<\/a><\/p>\n<p><a href=\"https:\/\/avivo-ch.ch\/wp-content\/uploads\/2024\/12\/AVIVO-CH-rapport-activite-2018-Sion-new.pdf\" target=\"_blank\" rel=\"noopener noreferrer\">Rapport d&rsquo;activit\u00e9 2018-19 (AG de Sion)<\/a><\/p>\n<p><a href=\"http:\/\/avivo-ch.ch\/wp-content\/uploads\/2018\/05\/AVIVO-CH-rapport-activit\u00e9-2017-Bienne.pdf\" target=\"_blank\" rel=\"noopener noreferrer\">Rapport d&rsquo;activit\u00e9 2017-18 (AG de Bienne)<\/a><\/p>\n<p><a href=\"http:\/\/avivo-ch.ch\/wp-content\/uploads\/2018\/05\/AVIVO-CH-rapport-activite\u0301-2016-GE.pdf\" target=\"_blank\" rel=\"noopener noreferrer\">Rapport d&rsquo;activit\u00e9 2016-17 (AG de Gen\u00e8ve)<\/a><\/p>\n<p><a href=\"http:\/\/avivo-ch.ch\/wp-content\/uploads\/2018\/05\/AVIVO-CH-rapport-activite\u0301-2015-LeLocle.pdf\" target=\"_blank\" rel=\"noopener noreferrer\">Rapport d&rsquo;activit\u00e9 2015-16 (AG du Locle)<\/a><\/p>\n","protected":false},"excerpt":{"rendered":"<p>Rapport d&rsquo;activit\u00e9 2024-25 (AG de Gen\u00e8ve) Rapport d&rsquo;activit\u00e9 2023-24 (AG de Zurich) Rapport d&rsquo;activit\u00e9 2022-23 (AG de B\u00e2le) Rapport d&rsquo;activit\u00e9 2019-20 Rapport d&rsquo;activit\u00e9 2018-19 (AG de Sion) Rapport d&rsquo;activit\u00e9 2017-18 (AG de Bienne) Rapport d&rsquo;activit\u00e9 2016-17 (AG de Gen\u00e8ve) Rapport d&rsquo;activit\u00e9 2015-16 (AG du Locle)<\/p>\n","protected":false},"author":3,"featured_media":0,"parent":0,"menu_order":0,"comment_status":"closed","ping_status":"closed","template":"","meta":{"inline_featured_image":false,"footnotes":""},"class_list":["post-129","page","type-page","status-publish","hentry"],"translation":{"provider":"WPGlobus","version":"2.12.2","language":"fr","enabled_languages":["de","fr","it"],"languages":{"de":{"title":true,"content":true,"excerpt":false},"fr":{"title":true,"content":true,"excerpt":false},"it":{"title":true,"content":true,"excerpt":false}}},"jetpack_sharing_enabled":true,"_links":{"self":[{"href":"https:\/\/avivo-ch.ch\/fr\/wp-json\/wp\/v2\/pages\/129","targetHints":{"allow":["GET"]}}],"collection":[{"href":"https:\/\/avivo-ch.ch\/fr\/wp-json\/wp\/v2\/pages"}],"about":[{"href":"https:\/\/avivo-ch.ch\/fr\/wp-json\/wp\/v2\/types\/page"}],"author":[{"embeddable":true,"href":"https:\/\/avivo-ch.ch\/fr\/wp-json\/wp\/v2\/users\/3"}],"replies":[{"embeddable":true,"href":"https:\/\/avivo-ch.ch\/fr\/wp-json\/wp\/v2\/comments?post=129"}],"version-history":[{"count":39,"href":"https:\/\/avivo-ch.ch\/fr\/wp-json\/wp\/v2\/pages\/129\/revisions"}],"predecessor-version":[{"id":190,"href":"https:\/\/avivo-ch.ch\/fr\/wp-json\/wp\/v2\/pages\/129\/revisions\/190"}],"wp:attachment":[{"href":"https:\/\/avivo-ch.ch\/fr\/wp-json\/wp\/v2\/media?parent=129"}],"curies":[{"name":"wp","href":"https:\/\/api.w.org\/{rel}","templated":true}]}}