{"id":1025,"date":"2020-01-21T10:22:07","date_gmt":"2020-01-21T09:22:07","guid":{"rendered":"https:\/\/avivo-ch.ch\/?page_id=1025"},"modified":"2020-05-14T13:00:48","modified_gmt":"2020-05-14T11:00:48","slug":"70-jahr-jubilaum-der-avivo-basel","status":"publish","type":"page","link":"https:\/\/avivo-ch.ch\/fr\/70-jahr-jubilaum-der-avivo-basel\/","title":{"rendered":"Les 70 ans de l&rsquo;AVIVO B\u00e2le"},"content":{"rendered":"<p>Mercredi, le 30 octobre 2019<\/p>\n<table border=\"0\" width=\"100%\">\n<tbody>\n<tr>\n<td><img loading=\"lazy\" decoding=\"async\" class=\"alignnone size-medium wp-image-371\" src=\"https:\/\/avivo-ch.ch\/wp-content\/uploads\/2020\/01\/AVIVO-Basel-Christiane-Jaquet-1-scaled.jpg\" width=\"240\" height=\"320\" \/><\/td>\n<td>Allocution de Christiane Jaquet-Berger, Pr\u00e9sidente de l&rsquo;AVIVO Suisse<\/p>\n<p><a href=\"https:\/\/avivo-ch.ch\/wp-content\/uploads\/2020\/05\/Rede-von-Christiane-Jaquet-Basel.pdf\" target=\"_blank\" rel=\"noopener\">T\u00e9l\u00e9charger l&rsquo;allocution (en allemand)<\/a><\/td>\n<\/tr>\n<tr>\n<td style=\"text-align: right;\">Allocution de Minka Hofer, Copr\u00e9sidente de l&rsquo;AVIVO Region B\u00e2le<\/td>\n<td><img loading=\"lazy\" decoding=\"async\" class=\"alignnone size-medium wp-image-371\" src=\"https:\/\/avivo-ch.ch\/wp-content\/uploads\/2020\/01\/AVIVO-Basel-Minka4CG-2-scaled.jpg\" width=\"320\" height=\"240\" \/><\/td>\n<\/tr>\n<tr>\n<td><img loading=\"lazy\" decoding=\"async\" class=\"alignnone size-medium wp-image-371\" src=\"https:\/\/avivo-ch.ch\/wp-content\/uploads\/2020\/01\/AVIVO-Basel-Brutschin1CG-scaled.jpg\" width=\"240\" height=\"320\" \/><\/td>\n<td>Allocution de Christoph Brutschin, Conseiller d&rsquo;Etat B\u00e2le-Ville<\/td>\n<\/tr>\n<tr>\n<td style=\"text-align: right;\">Allocution du Prof. Martin Lengwiler, UNI B\u00e2le<\/td>\n<td><img loading=\"lazy\" decoding=\"async\" class=\"alignnone size-medium wp-image-371\" src=\"https:\/\/avivo-ch.ch\/wp-content\/uploads\/2020\/01\/AVIVO-Basel-Lengwiler1CG-scaled.jpg\" width=\"320\" height=\"240\" \/><\/td>\n<\/tr>\n<tr>\n<td><img loading=\"lazy\" decoding=\"async\" class=\"alignnone size-medium wp-image-371\" src=\"https:\/\/avivo-ch.ch\/wp-content\/uploads\/2020\/01\/AVIVO-Basel-MartinR.3CG-scaled.jpg\" width=\"240\" height=\"320\" \/><\/td>\n<td>Allocution de Martin Rothenb\u00fchler, Pr\u00e9sident de l&rsquo;AVIVO Berne<\/td>\n<\/tr>\n<tr>\n<td style=\"text-align: right;\">Ursula Topkaya, mod\u00e9ratrice de l&rsquo;\u00e9v\u00e9nement<\/td>\n<td><img loading=\"lazy\" decoding=\"async\" class=\"alignnone size-medium wp-image-371\" src=\"https:\/\/avivo-ch.ch\/wp-content\/uploads\/2020\/01\/AVIVO-Basel-UrsulaCG-scaled.jpg\" width=\"320\" height=\"240\" \/><\/td>\n<\/tr>\n<tr>\n<td><img loading=\"lazy\" decoding=\"async\" class=\"alignnone size-medium wp-image-371\" src=\"https:\/\/avivo-ch.ch\/wp-content\/uploads\/2020\/01\/AVIVO-Basel-SurpriseCG-scaled.jpg\" width=\"240\" height=\"320\" \/><\/td>\n<td>Et la surprise: le Choeur des rues<\/td>\n<\/tr>\n<\/tbody>\n<\/table>\n","protected":false},"excerpt":{"rendered":"<p>Mercredi, le 30 octobre 2019 Allocution de Christiane Jaquet-Berger, Pr\u00e9sidente de l&rsquo;AVIVO Suisse T\u00e9l\u00e9charger l&rsquo;allocution (en allemand) Allocution de Minka Hofer, Copr\u00e9sidente de l&rsquo;AVIVO Region B\u00e2le Allocution de Christoph Brutschin, Conseiller d&rsquo;Etat B\u00e2le-Ville Allocution du Prof. Martin Lengwiler, UNI B\u00e2le Allocution de Martin Rothenb\u00fchler, Pr\u00e9sident de l&rsquo;AVIVO Berne Ursula Topkaya, mod\u00e9ratrice de l&rsquo;\u00e9v\u00e9nement Et la &hellip; <a href=\"https:\/\/avivo-ch.ch\/fr\/70-jahr-jubilaum-der-avivo-basel\/\" class=\"more-link\">Continuer la lecture de <span class=\"screen-reader-text\">Les 70 ans de l&rsquo;AVIVO B\u00e2le<\/span> <span class=\"meta-nav\">&rarr;<\/span><\/a><\/p>\n","protected":false},"author":3,"featured_media":0,"parent":0,"menu_order":0,"comment_status":"closed","ping_status":"closed","template":"","meta":{"inline_featured_image":false,"footnotes":""},"class_list":["post-1025","page","type-page","status-publish","hentry"],"translation":{"provider":"WPGlobus","version":"2.12.2","language":"fr","enabled_languages":["de","fr","it"],"languages":{"de":{"title":true,"content":true,"excerpt":false},"fr":{"title":true,"content":true,"excerpt":false},"it":{"title":true,"content":true,"excerpt":false}}},"jetpack_sharing_enabled":true,"_links":{"self":[{"href":"https:\/\/avivo-ch.ch\/fr\/wp-json\/wp\/v2\/pages\/1025","targetHints":{"allow":["GET"]}}],"collection":[{"href":"https:\/\/avivo-ch.ch\/fr\/wp-json\/wp\/v2\/pages"}],"about":[{"href":"https:\/\/avivo-ch.ch\/fr\/wp-json\/wp\/v2\/types\/page"}],"author":[{"embeddable":true,"href":"https:\/\/avivo-ch.ch\/fr\/wp-json\/wp\/v2\/users\/3"}],"replies":[{"embeddable":true,"href":"https:\/\/avivo-ch.ch\/fr\/wp-json\/wp\/v2\/comments?post=1025"}],"version-history":[{"count":18,"href":"https:\/\/avivo-ch.ch\/fr\/wp-json\/wp\/v2\/pages\/1025\/revisions"}],"predecessor-version":[{"id":1045,"href":"https:\/\/avivo-ch.ch\/fr\/wp-json\/wp\/v2\/pages\/1025\/revisions\/1045"}],"wp:attachment":[{"href":"https:\/\/avivo-ch.ch\/fr\/wp-json\/wp\/v2\/media?parent=1025"}],"curies":[{"name":"wp","href":"https:\/\/api.w.org\/{rel}","templated":true}]}}